{"id":8794,"date":"2021-08-19T15:54:23","date_gmt":"2021-08-19T15:54:23","guid":{"rendered":"https:\/\/fruitport.pt\/?page_id=8794"},"modified":"2022-01-07T11:38:07","modified_gmt":"2022-01-07T11:38:07","slug":"vegetable-products","status":"publish","type":"page","link":"https:\/\/fruitport.pt\/en\/produtos\/produtos-horticolas\/","title":{"rendered":"Vegetable Products"},"content":{"rendered":"\t\t<div data-elementor-type=\"wp-page\" data-elementor-id=\"8794\" class=\"elementor elementor-8794\" data-elementor-post-type=\"page\">\n\t\t\t\t\t\t<section class=\"elementor-section elementor-top-section elementor-element elementor-element-481d2276 elementor-section-boxed elementor-section-height-default elementor-section-height-default\" data-id=\"481d2276\" data-element_type=\"section\" data-e-type=\"section\">\n\t\t\t\t\t\t<div class=\"elementor-container elementor-column-gap-default\">\n\t\t\t\t\t<div class=\"elementor-column elementor-col-50 elementor-top-column elementor-element elementor-element-23e17192\" data-id=\"23e17192\" data-element_type=\"column\" data-e-type=\"column\" data-settings=\"{&quot;background_background&quot;:&quot;classic&quot;}\">\n\t\t\t<div class=\"elementor-widget-wrap elementor-element-populated\">\n\t\t\t\t\t\t<div class=\"elementor-element elementor-element-6163a045 elementor-widget elementor-widget-heading\" data-id=\"6163a045\" data-element_type=\"widget\" data-e-type=\"widget\" data-widget_type=\"heading.default\">\n\t\t\t\t<div class=\"elementor-widget-container\">\n\t\t\t\t\t<h1 class=\"elementor-heading-title elementor-size-medium\"><a href=\"https:\/\/fruitport.pt\/produtos\/\">PRODUTOS<\/a><\/h1>\t\t\t\t<\/div>\n\t\t\t\t<\/div>\n\t\t\t\t<div class=\"elementor-element elementor-element-368c4f0 premium-type-column elementor-widget elementor-widget-premium-icon-list\" data-id=\"368c4f0\" data-element_type=\"widget\" data-e-type=\"widget\" data-settings=\"{&quot;rbadges_repeater&quot;:[]}\" data-widget_type=\"premium-icon-list.default\">\n\t\t\t\t<div class=\"elementor-widget-container\">\n\t\t\t\t\t\t\t\t<ul class=\"premium-bullet-list-box\">\n\t\t\n\t\t\t<li class=\"premium-bullet-list-content elementor-repeater-item-b70d6a2\">\n\t\t\t\t<div class=\"premium-bullet-list-text\">\n\t\t\t\t\n\t\t\t\t<span   data-text=\"Ab\u00f3boras\"> Ab\u00f3boras <\/span>\n\t\t\t\t<\/div>\n\n\t\t\t\t\n\t\t\t\t\n\t\t\t<\/li>\n\n\t\t\t\t\n\t\t\t<li class=\"premium-bullet-list-content elementor-repeater-item-d6ef333\">\n\t\t\t\t<div class=\"premium-bullet-list-text\">\n\t\t\t\t\n\t\t\t\t<span   data-text=\"Agri\u00e3o\"> Agri\u00e3o <\/span>\n\t\t\t\t<\/div>\n\n\t\t\t\t\n\t\t\t\t\n\t\t\t<\/li>\n\n\t\t\t\t\n\t\t\t<li class=\"premium-bullet-list-content elementor-repeater-item-a5cc675\">\n\t\t\t\t<div class=\"premium-bullet-list-text\">\n\t\t\t\t\n\t\t\t\t<span   data-text=\"Alfaces\"> Alfaces <\/span>\n\t\t\t\t<\/div>\n\n\t\t\t\t\n\t\t\t\t\n\t\t\t<\/li>\n\n\t\t\t\t\n\t\t\t<li class=\"premium-bullet-list-content elementor-repeater-item-7714642\">\n\t\t\t\t<div class=\"premium-bullet-list-text\">\n\t\t\t\t\n\t\t\t\t<span   data-text=\"Alho Franc\u00eas\"> Alho Franc\u00eas <\/span>\n\t\t\t\t<\/div>\n\n\t\t\t\t\n\t\t\t\t\n\t\t\t<\/li>\n\n\t\t\t\t\n\t\t\t<li class=\"premium-bullet-list-content elementor-repeater-item-6d182fb\">\n\t\t\t\t<div class=\"premium-bullet-list-text\">\n\t\t\t\t\n\t\t\t\t<span   data-text=\"Batatas\"> Batatas <\/span>\n\t\t\t\t<\/div>\n\n\t\t\t\t\n\t\t\t\t\n\t\t\t<\/li>\n\n\t\t\t\t\n\t\t\t<li class=\"premium-bullet-list-content elementor-repeater-item-0fadd63\">\n\t\t\t\t<div class=\"premium-bullet-list-text\">\n\t\t\t\t\n\t\t\t\t<span   data-text=\"Beringelas\"> Beringelas <\/span>\n\t\t\t\t<\/div>\n\n\t\t\t\t\n\t\t\t\t\n\t\t\t<\/li>\n\n\t\t\t\t\n\t\t\t<li class=\"premium-bullet-list-content elementor-repeater-item-c80cc3f\">\n\t\t\t\t<div class=\"premium-bullet-list-text\">\n\t\t\t\t\n\t\t\t\t<span   data-text=\"Beterraba\"> Beterraba <\/span>\n\t\t\t\t<\/div>\n\n\t\t\t\t\n\t\t\t\t\n\t\t\t<\/li>\n\n\t\t\t\t\n\t\t\t<li class=\"premium-bullet-list-content elementor-repeater-item-170b3eb\">\n\t\t\t\t<div class=\"premium-bullet-list-text\">\n\t\t\t\t\n\t\t\t\t<span   data-text=\"Br\u00f3colos\"> Br\u00f3colos <\/span>\n\t\t\t\t<\/div>\n\n\t\t\t\t\n\t\t\t\t\n\t\t\t<\/li>\n\n\t\t\t\t\n\t\t\t<li class=\"premium-bullet-list-content elementor-repeater-item-4d9f84d\">\n\t\t\t\t<div class=\"premium-bullet-list-text\">\n\t\t\t\t\n\t\t\t\t<span   data-text=\"Cebolas\"> Cebolas <\/span>\n\t\t\t\t<\/div>\n\n\t\t\t\t\n\t\t\t\t\n\t\t\t<\/li>\n\n\t\t\t\t\n\t\t\t<li class=\"premium-bullet-list-content elementor-repeater-item-9a86b45\">\n\t\t\t\t<div class=\"premium-bullet-list-text\">\n\t\t\t\t\n\t\t\t\t<span   data-text=\"Chuchu\"> Chuchu <\/span>\n\t\t\t\t<\/div>\n\n\t\t\t\t\n\t\t\t\t\n\t\t\t<\/li>\n\n\t\t\t\t\n\t\t\t<li class=\"premium-bullet-list-content elementor-repeater-item-19a8ad4\">\n\t\t\t\t<div class=\"premium-bullet-list-text\">\n\t\t\t\t\n\t\t\t\t<span   data-text=\"Cogumelos\"> Cogumelos <\/span>\n\t\t\t\t<\/div>\n\n\t\t\t\t\n\t\t\t\t\n\t\t\t<\/li>\n\n\t\t\t\t\n\t\t\t<li class=\"premium-bullet-list-content elementor-repeater-item-8f58721\">\n\t\t\t\t<div class=\"premium-bullet-list-text\">\n\t\t\t\t\n\t\t\t\t<span   data-text=\"Courgette\"> Courgette <\/span>\n\t\t\t\t<\/div>\n\n\t\t\t\t\n\t\t\t\t\n\t\t\t<\/li>\n\n\t\t\t\t\n\t\t\t<li class=\"premium-bullet-list-content elementor-repeater-item-0f338bd\">\n\t\t\t\t<div class=\"premium-bullet-list-text\">\n\t\t\t\t\n\t\t\t\t<span   data-text=\"Couves\"> Couves <\/span>\n\t\t\t\t<\/div>\n\n\t\t\t\t\n\t\t\t\t\n\t\t\t<\/li>\n\n\t\t\t\t\n\t\t\t<li class=\"premium-bullet-list-content elementor-repeater-item-7b408a3\">\n\t\t\t\t<div class=\"premium-bullet-list-text\">\n\t\t\t\t\n\t\t\t\t<span   data-text=\"Espargos\"> Espargos <\/span>\n\t\t\t\t<\/div>\n\n\t\t\t\t\n\t\t\t\t\n\t\t\t<\/li>\n\n\t\t\t\t\n\t\t\t<li class=\"premium-bullet-list-content elementor-repeater-item-931afb6\">\n\t\t\t\t<div class=\"premium-bullet-list-text\">\n\t\t\t\t\n\t\t\t\t<span   data-text=\"Feij\u00e3o\"> Feij\u00e3o <\/span>\n\t\t\t\t<\/div>\n\n\t\t\t\t\n\t\t\t\t\n\t\t\t<\/li>\n\n\t\t\t\t\n\t\t\t<li class=\"premium-bullet-list-content elementor-repeater-item-dd1f8d7\">\n\t\t\t\t<div class=\"premium-bullet-list-text\">\n\t\t\t\t\n\t\t\t\t<span   data-text=\"Nabo\"> Nabo <\/span>\n\t\t\t\t<\/div>\n\n\t\t\t\t\n\t\t\t\t\n\t\t\t<\/li>\n\n\t\t\t\t\n\t\t\t<li class=\"premium-bullet-list-content elementor-repeater-item-210b6d7\">\n\t\t\t\t<div class=\"premium-bullet-list-text\">\n\t\t\t\t\n\t\t\t\t<span   data-text=\"Pimentos\"> Pimentos <\/span>\n\t\t\t\t<\/div>\n\n\t\t\t\t\n\t\t\t\t\n\t\t\t<\/li>\n\n\t\t\t\t\n\t\t\t<li class=\"premium-bullet-list-content elementor-repeater-item-8d5b683\">\n\t\t\t\t<div class=\"premium-bullet-list-text\">\n\t\t\t\t\n\t\t\t\t<span   data-text=\"Pepino\"> Pepino <\/span>\n\t\t\t\t<\/div>\n\n\t\t\t\t\n\t\t\t\t\n\t\t\t<\/li>\n\n\t\t\t\t\n\t\t\t<li class=\"premium-bullet-list-content elementor-repeater-item-a90f6d4\">\n\t\t\t\t<div class=\"premium-bullet-list-text\">\n\t\t\t\t\n\t\t\t\t<span   data-text=\"Tomates\"> Tomates <\/span>\n\t\t\t\t<\/div>\n\n\t\t\t\t\n\t\t\t\t\n\t\t\t<\/li>\n\n\t\t\t\t\t\t<\/ul>\n\t\t\t\t\t\t<\/div>\n\t\t\t\t<\/div>\n\t\t\t\t\t<\/div>\n\t\t<\/div>\n\t\t\t\t<div class=\"elementor-column elementor-col-50 elementor-top-column elementor-element elementor-element-21818ff7\" data-id=\"21818ff7\" data-element_type=\"column\" data-e-type=\"column\">\n\t\t\t<div class=\"elementor-widget-wrap elementor-element-populated\">\n\t\t\t\t\t\t<div class=\"elementor-element elementor-element-5b7cebae elementor-widget elementor-widget-image\" data-id=\"5b7cebae\" data-element_type=\"widget\" data-e-type=\"widget\" data-widget_type=\"image.default\">\n\t\t\t\t<div class=\"elementor-widget-container\">\n\t\t\t\t\t\t\t\t\t\t\t\t\t\t\t<img decoding=\"async\" src=\"https:\/\/fruitport.pt\/wp-content\/uploads\/elementor\/thumbs\/fruitport_produtos_produtos_horticolas-pintcgoognozuiz0gce9wd0nttihqssxj87s7ank54.jpg\" title=\"fruitport_produtos_produtos_horticolas\" alt=\"fruitport_produtos_produtos_horticolas\" loading=\"lazy\" \/>\t\t\t\t\t\t\t\t\t\t\t\t\t\t\t<\/div>\n\t\t\t\t<\/div>\n\t\t\t\t<div class=\"elementor-element elementor-element-49a5af6a elementor-widget elementor-widget-text-editor\" data-id=\"49a5af6a\" data-element_type=\"widget\" data-e-type=\"widget\" data-widget_type=\"text-editor.default\">\n\t\t\t\t<div class=\"elementor-widget-container\">\n\t\t\t\t\t\t\t\t\tEmbalamos os produtos em conformidade com as prefer\u00eancias dos nossos clientes e assim garantimos um servi\u00e7o de qualidade e personalizado. Trabalhamos diariamente para ter a maior variedade de hort\u00edcolas, sempre frescas e ao melhor pre\u00e7o.\n\t\t\t\t\t\t\t\t<\/div>\n\t\t\t\t<\/div>\n\t\t\t\t\t<\/div>\n\t\t<\/div>\n\t\t\t\t\t<\/div>\n\t\t<\/section>\n\t\t\t\t<section data-gradient=\"{&quot;angle&quot;:-45,&quot;colors&quot;:[{&quot;premium_gradient_colors&quot;:&quot;#ef597b&quot;,&quot;_id&quot;:&quot;92c36fb&quot;},{&quot;premium_gradient_colors&quot;:&quot;#ff6d31&quot;,&quot;_id&quot;:&quot;fef4f3b&quot;},{&quot;premium_gradient_colors&quot;:&quot;#73b66b&quot;,&quot;_id&quot;:&quot;b103df3&quot;},{&quot;premium_gradient_colors&quot;:&quot;#ffcb18&quot;,&quot;_id&quot;:&quot;f4dbe43&quot;},{&quot;premium_gradient_colors&quot;:&quot;#29a2c6&quot;,&quot;_id&quot;:&quot;d45a9b6&quot;}]}\" class=\"elementor-section elementor-top-section elementor-element elementor-element-69bb0438 elementor-section-stretched premium-gradient-yes elementor-section-content-middle elementor-section-boxed elementor-section-height-default elementor-section-height-default\" data-id=\"69bb0438\" data-element_type=\"section\" data-e-type=\"section\" data-settings=\"{&quot;stretch_section&quot;:&quot;section-stretched&quot;,&quot;background_background&quot;:&quot;gradient&quot;}\">\n\t\t\t\t\t\t<div class=\"elementor-container elementor-column-gap-default\">\n\t\t\t\t\t<div class=\"elementor-column elementor-col-50 elementor-top-column elementor-element elementor-element-53937528\" data-id=\"53937528\" data-element_type=\"column\" data-e-type=\"column\">\n\t\t\t<div class=\"elementor-widget-wrap elementor-element-populated\">\n\t\t\t\t\t\t<div class=\"elementor-element elementor-element-794d842e elementor-widget elementor-widget-heading\" data-id=\"794d842e\" data-element_type=\"widget\" data-e-type=\"widget\" data-widget_type=\"heading.default\">\n\t\t\t\t<div class=\"elementor-widget-container\">\n\t\t\t\t\t<h2 class=\"elementor-heading-title elementor-size-default\">Interessado nos nossos produtos<\/h2>\t\t\t\t<\/div>\n\t\t\t\t<\/div>\n\t\t\t\t<div class=\"elementor-element elementor-element-42a2dccb elementor-widget elementor-widget-text-editor\" data-id=\"42a2dccb\" data-element_type=\"widget\" data-e-type=\"widget\" data-widget_type=\"text-editor.default\">\n\t\t\t\t<div class=\"elementor-widget-container\">\n\t\t\t\t\t\t\t\t\tEntre em contato connosco e entre no mundo Fruitport. A nossa equipa est\u00e1 ao seu disp\u00f4r.\t\t\t\t\t\t\t\t<\/div>\n\t\t\t\t<\/div>\n\t\t\t\t\t<\/div>\n\t\t<\/div>\n\t\t\t\t<div class=\"elementor-column elementor-col-50 elementor-top-column elementor-element elementor-element-73884781\" data-id=\"73884781\" data-element_type=\"column\" data-e-type=\"column\">\n\t\t\t<div class=\"elementor-widget-wrap elementor-element-populated\">\n\t\t\t\t\t\t<div class=\"elementor-element elementor-element-38782ab elementor-widget elementor-widget-premium-addon-button\" data-id=\"38782ab\" data-element_type=\"widget\" data-e-type=\"widget\" data-widget_type=\"premium-addon-button.default\">\n\t\t\t\t<div class=\"elementor-widget-container\">\n\t\t\t\t\t\n\n\t\t<a class=\"premium-button premium-button-none premium-btn-lg premium-button-none\" href=\"https:\/\/fruitport.pt\/equipa\">\n\t\t\t<div class=\"premium-button-text-icon-wrapper\">\n\t\t\t\t\n\t\t\t\t\t\t\t\t\t<span >\n\t\t\t\t\t\tFale connosco\t\t\t\t\t<\/span>\n\t\t\t\t\n\t\t\t\t\t\t\t<\/div>\n\n\t\t\t\n\t\t\t\n\t\t\t\n\t\t<\/a>\n\n\n\t\t\t\t\t\t<\/div>\n\t\t\t\t<\/div>\n\t\t\t\t\t<\/div>\n\t\t<\/div>\n\t\t\t\t\t<\/div>\n\t\t<\/section>\n\t\t\t\t<\/div>\n\t\t","protected":false},"excerpt":{"rendered":"<p>PRODUTOS Ab\u00f3boras Agri\u00e3o Alfaces Alho Franc\u00eas Batatas Beringelas Beterraba Br\u00f3colos Cebolas Chuchu Cogumelos Courgette Couves Espargos Feij\u00e3o Nabo Pimentos Pepino Tomates Embalamos os produtos em conformidade com as prefer\u00eancias dos nossos clientes e assim garantimos um servi\u00e7o de qualidade e personalizado. Trabalhamos diariamente para ter a maior variedade de hort\u00edcolas, sempre frescas e ao melhor [&hellip;]<\/p>\n","protected":false},"author":2,"featured_media":0,"parent":8512,"menu_order":0,"comment_status":"closed","ping_status":"closed","template":"elementor_header_footer","meta":{"footnotes":""},"class_list":["post-8794","page","type-page","status-publish","hentry"],"yoast_head":"<!-- This site is optimized with the Yoast SEO plugin v27.5 - https:\/\/yoast.com\/product\/yoast-seo-wordpress\/ -->\n<title>Produtos Hort\u00edcolas - Fruitport<\/title>\n<meta name=\"robots\" content=\"index, follow, max-snippet:-1, max-image-preview:large, max-video-preview:-1\" \/>\n<link rel=\"canonical\" href=\"https:\/\/fruitport.pt\/en\/our-products\/vegetable-products\/\" \/>\n<meta property=\"og:locale\" content=\"en_GB\" \/>\n<meta property=\"og:type\" content=\"article\" \/>\n<meta property=\"og:title\" content=\"Produtos Hort\u00edcolas - Fruitport\" \/>\n<meta property=\"og:description\" content=\"PRODUTOS Ab\u00f3boras Agri\u00e3o Alfaces Alho Franc\u00eas Batatas Beringelas Beterraba Br\u00f3colos Cebolas Chuchu Cogumelos Courgette Couves Espargos Feij\u00e3o Nabo Pimentos Pepino Tomates Embalamos os produtos em conformidade com as prefer\u00eancias dos nossos clientes e assim garantimos um servi\u00e7o de qualidade e personalizado. Trabalhamos diariamente para ter a maior variedade de hort\u00edcolas, sempre frescas e ao melhor [&hellip;]\" \/>\n<meta property=\"og:url\" content=\"https:\/\/fruitport.pt\/en\/our-products\/vegetable-products\/\" \/>\n<meta property=\"og:site_name\" content=\"Fruitport\" \/>\n<meta property=\"article:publisher\" content=\"https:\/\/www.facebook.com\/fruitport\/\" \/>\n<meta property=\"article:modified_time\" content=\"2022-01-07T11:38:07+00:00\" \/>\n<meta property=\"og:image\" content=\"https:\/\/fruitport.pt\/wp-content\/uploads\/2022\/01\/fruitport_produtos_produtos_horticolas-150x150.jpg\" \/>\n<meta name=\"twitter:card\" content=\"summary_large_image\" \/>\n<meta name=\"twitter:label1\" content=\"Estimated reading time\" \/>\n\t<meta name=\"twitter:data1\" content=\"1 minute\" \/>\n<script type=\"application\/ld+json\" class=\"yoast-schema-graph\">{\"@context\":\"https:\\\/\\\/schema.org\",\"@graph\":[{\"@type\":\"WebPage\",\"@id\":\"https:\\\/\\\/fruitport.pt\\\/produtos\\\/produtos-horticolas\\\/\",\"url\":\"https:\\\/\\\/fruitport.pt\\\/produtos\\\/produtos-horticolas\\\/\",\"name\":\"Produtos Hort\u00edcolas - Fruitport\",\"isPartOf\":{\"@id\":\"https:\\\/\\\/fruitport.pt\\\/#website\"},\"primaryImageOfPage\":{\"@id\":\"https:\\\/\\\/fruitport.pt\\\/produtos\\\/produtos-horticolas\\\/#primaryimage\"},\"image\":{\"@id\":\"https:\\\/\\\/fruitport.pt\\\/produtos\\\/produtos-horticolas\\\/#primaryimage\"},\"thumbnailUrl\":\"https:\\\/\\\/fruitport.pt\\\/wp-content\\\/uploads\\\/2022\\\/01\\\/fruitport_produtos_produtos_horticolas-150x150.jpg\",\"datePublished\":\"2021-08-19T15:54:23+00:00\",\"dateModified\":\"2022-01-07T11:38:07+00:00\",\"breadcrumb\":{\"@id\":\"https:\\\/\\\/fruitport.pt\\\/produtos\\\/produtos-horticolas\\\/#breadcrumb\"},\"inLanguage\":\"en-GB\",\"potentialAction\":[{\"@type\":\"ReadAction\",\"target\":[\"https:\\\/\\\/fruitport.pt\\\/produtos\\\/produtos-horticolas\\\/\"]}]},{\"@type\":\"ImageObject\",\"inLanguage\":\"en-GB\",\"@id\":\"https:\\\/\\\/fruitport.pt\\\/produtos\\\/produtos-horticolas\\\/#primaryimage\",\"url\":\"https:\\\/\\\/fruitport.pt\\\/wp-content\\\/uploads\\\/2022\\\/01\\\/fruitport_produtos_produtos_horticolas-150x150.jpg\",\"contentUrl\":\"https:\\\/\\\/fruitport.pt\\\/wp-content\\\/uploads\\\/2022\\\/01\\\/fruitport_produtos_produtos_horticolas-150x150.jpg\"},{\"@type\":\"BreadcrumbList\",\"@id\":\"https:\\\/\\\/fruitport.pt\\\/produtos\\\/produtos-horticolas\\\/#breadcrumb\",\"itemListElement\":[{\"@type\":\"ListItem\",\"position\":1,\"name\":\"In\u00edcio\",\"item\":\"https:\\\/\\\/fruitport.pt\\\/\"},{\"@type\":\"ListItem\",\"position\":2,\"name\":\"Produtos\",\"item\":\"https:\\\/\\\/fruitport.pt\\\/produtos\\\/\"},{\"@type\":\"ListItem\",\"position\":3,\"name\":\"Produtos Hort\u00edcolas\"}]},{\"@type\":\"WebSite\",\"@id\":\"https:\\\/\\\/fruitport.pt\\\/#website\",\"url\":\"https:\\\/\\\/fruitport.pt\\\/\",\"name\":\"Fruitport\",\"description\":\"Frutas frescas e de qualidade para o retalho e mercados grossistas.\",\"publisher\":{\"@id\":\"https:\\\/\\\/fruitport.pt\\\/#organization\"},\"potentialAction\":[{\"@type\":\"SearchAction\",\"target\":{\"@type\":\"EntryPoint\",\"urlTemplate\":\"https:\\\/\\\/fruitport.pt\\\/?s={search_term_string}\"},\"query-input\":{\"@type\":\"PropertyValueSpecification\",\"valueRequired\":true,\"valueName\":\"search_term_string\"}}],\"inLanguage\":\"en-GB\"},{\"@type\":\"Organization\",\"@id\":\"https:\\\/\\\/fruitport.pt\\\/#organization\",\"name\":\"Fruitport International Food Trade\",\"url\":\"https:\\\/\\\/fruitport.pt\\\/\",\"logo\":{\"@type\":\"ImageObject\",\"inLanguage\":\"en-GB\",\"@id\":\"https:\\\/\\\/fruitport.pt\\\/#\\\/schema\\\/logo\\\/image\\\/\",\"url\":\"https:\\\/\\\/fruitport.pt\\\/wp-content\\\/uploads\\\/2021\\\/08\\\/fruitport-color@2x.png\",\"contentUrl\":\"https:\\\/\\\/fruitport.pt\\\/wp-content\\\/uploads\\\/2021\\\/08\\\/fruitport-color@2x.png\",\"width\":400,\"height\":140,\"caption\":\"Fruitport International Food Trade\"},\"image\":{\"@id\":\"https:\\\/\\\/fruitport.pt\\\/#\\\/schema\\\/logo\\\/image\\\/\"},\"sameAs\":[\"https:\\\/\\\/www.facebook.com\\\/fruitport\\\/\",\"https:\\\/\\\/www.instagram.com\\\/fruitport.lda\\\/\",\"https:\\\/\\\/www.linkedin.com\\\/company\\\/fruitport-international-food-trade\\\/\"]}]}<\/script>\n<!-- \/ Yoast SEO plugin. -->","yoast_head_json":{"title":"Produtos Hort\u00edcolas - Fruitport","robots":{"index":"index","follow":"follow","max-snippet":"max-snippet:-1","max-image-preview":"max-image-preview:large","max-video-preview":"max-video-preview:-1"},"canonical":"https:\/\/fruitport.pt\/en\/our-products\/vegetable-products\/","og_locale":"en_GB","og_type":"article","og_title":"Produtos Hort\u00edcolas - Fruitport","og_description":"PRODUTOS Ab\u00f3boras Agri\u00e3o Alfaces Alho Franc\u00eas Batatas Beringelas Beterraba Br\u00f3colos Cebolas Chuchu Cogumelos Courgette Couves Espargos Feij\u00e3o Nabo Pimentos Pepino Tomates Embalamos os produtos em conformidade com as prefer\u00eancias dos nossos clientes e assim garantimos um servi\u00e7o de qualidade e personalizado. Trabalhamos diariamente para ter a maior variedade de hort\u00edcolas, sempre frescas e ao melhor [&hellip;]","og_url":"https:\/\/fruitport.pt\/en\/our-products\/vegetable-products\/","og_site_name":"Fruitport","article_publisher":"https:\/\/www.facebook.com\/fruitport\/","article_modified_time":"2022-01-07T11:38:07+00:00","og_image":[{"url":"https:\/\/fruitport.pt\/wp-content\/uploads\/2022\/01\/fruitport_produtos_produtos_horticolas-150x150.jpg","type":"","width":"","height":""}],"twitter_card":"summary_large_image","twitter_misc":{"Estimated reading time":"1 minute"},"schema":{"@context":"https:\/\/schema.org","@graph":[{"@type":"WebPage","@id":"https:\/\/fruitport.pt\/produtos\/produtos-horticolas\/","url":"https:\/\/fruitport.pt\/produtos\/produtos-horticolas\/","name":"Produtos Hort\u00edcolas - Fruitport","isPartOf":{"@id":"https:\/\/fruitport.pt\/#website"},"primaryImageOfPage":{"@id":"https:\/\/fruitport.pt\/produtos\/produtos-horticolas\/#primaryimage"},"image":{"@id":"https:\/\/fruitport.pt\/produtos\/produtos-horticolas\/#primaryimage"},"thumbnailUrl":"https:\/\/fruitport.pt\/wp-content\/uploads\/2022\/01\/fruitport_produtos_produtos_horticolas-150x150.jpg","datePublished":"2021-08-19T15:54:23+00:00","dateModified":"2022-01-07T11:38:07+00:00","breadcrumb":{"@id":"https:\/\/fruitport.pt\/produtos\/produtos-horticolas\/#breadcrumb"},"inLanguage":"en-GB","potentialAction":[{"@type":"ReadAction","target":["https:\/\/fruitport.pt\/produtos\/produtos-horticolas\/"]}]},{"@type":"ImageObject","inLanguage":"en-GB","@id":"https:\/\/fruitport.pt\/produtos\/produtos-horticolas\/#primaryimage","url":"https:\/\/fruitport.pt\/wp-content\/uploads\/2022\/01\/fruitport_produtos_produtos_horticolas-150x150.jpg","contentUrl":"https:\/\/fruitport.pt\/wp-content\/uploads\/2022\/01\/fruitport_produtos_produtos_horticolas-150x150.jpg"},{"@type":"BreadcrumbList","@id":"https:\/\/fruitport.pt\/produtos\/produtos-horticolas\/#breadcrumb","itemListElement":[{"@type":"ListItem","position":1,"name":"In\u00edcio","item":"https:\/\/fruitport.pt\/"},{"@type":"ListItem","position":2,"name":"Produtos","item":"https:\/\/fruitport.pt\/produtos\/"},{"@type":"ListItem","position":3,"name":"Produtos Hort\u00edcolas"}]},{"@type":"WebSite","@id":"https:\/\/fruitport.pt\/#website","url":"https:\/\/fruitport.pt\/","name":"Fruitport","description":"Frutas frescas e de qualidade para o retalho e mercados grossistas.","publisher":{"@id":"https:\/\/fruitport.pt\/#organization"},"potentialAction":[{"@type":"SearchAction","target":{"@type":"EntryPoint","urlTemplate":"https:\/\/fruitport.pt\/?s={search_term_string}"},"query-input":{"@type":"PropertyValueSpecification","valueRequired":true,"valueName":"search_term_string"}}],"inLanguage":"en-GB"},{"@type":"Organization","@id":"https:\/\/fruitport.pt\/#organization","name":"Fruitport International Food Trade","url":"https:\/\/fruitport.pt\/","logo":{"@type":"ImageObject","inLanguage":"en-GB","@id":"https:\/\/fruitport.pt\/#\/schema\/logo\/image\/","url":"https:\/\/fruitport.pt\/wp-content\/uploads\/2021\/08\/fruitport-color@2x.png","contentUrl":"https:\/\/fruitport.pt\/wp-content\/uploads\/2021\/08\/fruitport-color@2x.png","width":400,"height":140,"caption":"Fruitport International Food Trade"},"image":{"@id":"https:\/\/fruitport.pt\/#\/schema\/logo\/image\/"},"sameAs":["https:\/\/www.facebook.com\/fruitport\/","https:\/\/www.instagram.com\/fruitport.lda\/","https:\/\/www.linkedin.com\/company\/fruitport-international-food-trade\/"]}]}},"_links":{"self":[{"href":"https:\/\/fruitport.pt\/en\/wp-json\/wp\/v2\/pages\/8794","targetHints":{"allow":["GET"]}}],"collection":[{"href":"https:\/\/fruitport.pt\/en\/wp-json\/wp\/v2\/pages"}],"about":[{"href":"https:\/\/fruitport.pt\/en\/wp-json\/wp\/v2\/types\/page"}],"author":[{"embeddable":true,"href":"https:\/\/fruitport.pt\/en\/wp-json\/wp\/v2\/users\/2"}],"replies":[{"embeddable":true,"href":"https:\/\/fruitport.pt\/en\/wp-json\/wp\/v2\/comments?post=8794"}],"version-history":[{"count":17,"href":"https:\/\/fruitport.pt\/en\/wp-json\/wp\/v2\/pages\/8794\/revisions"}],"predecessor-version":[{"id":9496,"href":"https:\/\/fruitport.pt\/en\/wp-json\/wp\/v2\/pages\/8794\/revisions\/9496"}],"up":[{"embeddable":true,"href":"https:\/\/fruitport.pt\/en\/wp-json\/wp\/v2\/pages\/8512"}],"wp:attachment":[{"href":"https:\/\/fruitport.pt\/en\/wp-json\/wp\/v2\/media?parent=8794"}],"curies":[{"name":"wp","href":"https:\/\/api.w.org\/{rel}","templated":true}]}}