{"id":8787,"date":"2021-08-19T15:52:18","date_gmt":"2021-08-19T15:52:18","guid":{"rendered":"https:\/\/fruitport.pt\/?page_id=8787"},"modified":"2022-01-05T15:02:48","modified_gmt":"2022-01-05T15:02:48","slug":"tropical","status":"publish","type":"page","link":"https:\/\/fruitport.pt\/en\/produtos\/tropicais\/","title":{"rendered":"Tropical"},"content":{"rendered":"\t\t<div data-elementor-type=\"wp-page\" data-elementor-id=\"8787\" class=\"elementor elementor-8787\" data-elementor-post-type=\"page\">\n\t\t\t\t\t\t<section class=\"elementor-section elementor-top-section elementor-element elementor-element-481d2276 elementor-section-boxed elementor-section-height-default elementor-section-height-default\" data-id=\"481d2276\" data-element_type=\"section\" data-e-type=\"section\">\n\t\t\t\t\t\t<div class=\"elementor-container elementor-column-gap-default\">\n\t\t\t\t\t<div class=\"elementor-column elementor-col-50 elementor-top-column elementor-element elementor-element-23e17192\" data-id=\"23e17192\" data-element_type=\"column\" data-e-type=\"column\" data-settings=\"{&quot;background_background&quot;:&quot;classic&quot;}\">\n\t\t\t<div class=\"elementor-widget-wrap elementor-element-populated\">\n\t\t\t\t\t\t<div class=\"elementor-element elementor-element-6163a045 elementor-widget elementor-widget-heading\" data-id=\"6163a045\" data-element_type=\"widget\" data-e-type=\"widget\" data-widget_type=\"heading.default\">\n\t\t\t\t<div class=\"elementor-widget-container\">\n\t\t\t\t\t<h1 class=\"elementor-heading-title elementor-size-medium\"><a href=\"https:\/\/fruitport.pt\/produtos\/\">PRODUTOS<\/a><\/h1>\t\t\t\t<\/div>\n\t\t\t\t<\/div>\n\t\t\t\t<div class=\"elementor-element elementor-element-af76274 premium-type-column elementor-widget elementor-widget-premium-icon-list\" data-id=\"af76274\" data-element_type=\"widget\" data-e-type=\"widget\" data-settings=\"{&quot;rbadges_repeater&quot;:[]}\" data-widget_type=\"premium-icon-list.default\">\n\t\t\t\t<div class=\"elementor-widget-container\">\n\t\t\t\t\t\t\t\t<ul class=\"premium-bullet-list-box\">\n\t\t\n\t\t\t<li class=\"premium-bullet-list-content elementor-repeater-item-ff10d1a\">\n\t\t\t\t<div class=\"premium-bullet-list-text\">\n\t\t\t\t\n\t\t\t\t<span   data-text=\"Abacate\"> Abacate <\/span>\n\t\t\t\t<\/div>\n\n\t\t\t\t\n\t\t\t\t\n\t\t\t<\/li>\n\n\t\t\t\t\n\t\t\t<li class=\"premium-bullet-list-content elementor-repeater-item-086cb56\">\n\t\t\t\t<div class=\"premium-bullet-list-text\">\n\t\t\t\t\n\t\t\t\t<span   data-text=\"Abacaxi\"> Abacaxi <\/span>\n\t\t\t\t<\/div>\n\n\t\t\t\t\n\t\t\t\t\n\t\t\t<\/li>\n\n\t\t\t\t\n\t\t\t<li class=\"premium-bullet-list-content elementor-repeater-item-d210cbe\">\n\t\t\t\t<div class=\"premium-bullet-list-text\">\n\t\t\t\t\n\t\t\t\t<span   data-text=\"Anona\"> Anona <\/span>\n\t\t\t\t<\/div>\n\n\t\t\t\t\n\t\t\t\t\n\t\t\t<\/li>\n\n\t\t\t\t\n\t\t\t<li class=\"premium-bullet-list-content elementor-repeater-item-354c46e\">\n\t\t\t\t<div class=\"premium-bullet-list-text\">\n\t\t\t\t\n\t\t\t\t<span   data-text=\"Coco Seco\"> Coco Seco <\/span>\n\t\t\t\t<\/div>\n\n\t\t\t\t\n\t\t\t\t\n\t\t\t<\/li>\n\n\t\t\t\t\n\t\t\t<li class=\"premium-bullet-list-content elementor-repeater-item-49bd4fe\">\n\t\t\t\t<div class=\"premium-bullet-list-text\">\n\t\t\t\t\n\t\t\t\t<span   data-text=\"Lima\"> Lima <\/span>\n\t\t\t\t<\/div>\n\n\t\t\t\t\n\t\t\t\t\n\t\t\t<\/li>\n\n\t\t\t\t\n\t\t\t<li class=\"premium-bullet-list-content elementor-repeater-item-0f046a7\">\n\t\t\t\t<div class=\"premium-bullet-list-text\">\n\t\t\t\t\n\t\t\t\t<span   data-text=\"Mam\u00e3o\"> Mam\u00e3o <\/span>\n\t\t\t\t<\/div>\n\n\t\t\t\t\n\t\t\t\t\n\t\t\t<\/li>\n\n\t\t\t\t\n\t\t\t<li class=\"premium-bullet-list-content elementor-repeater-item-460e70e\">\n\t\t\t\t<div class=\"premium-bullet-list-text\">\n\t\t\t\t\n\t\t\t\t<span   data-text=\"Manga Avi\u00e3o\"> Manga Avi\u00e3o <\/span>\n\t\t\t\t<\/div>\n\n\t\t\t\t\n\t\t\t\t\n\t\t\t<\/li>\n\n\t\t\t\t\n\t\t\t<li class=\"premium-bullet-list-content elementor-repeater-item-5886d14\">\n\t\t\t\t<div class=\"premium-bullet-list-text\">\n\t\t\t\t\n\t\t\t\t<span   data-text=\"Manga Barco\"> Manga Barco <\/span>\n\t\t\t\t<\/div>\n\n\t\t\t\t\n\t\t\t\t\n\t\t\t<\/li>\n\n\t\t\t\t\n\t\t\t<li class=\"premium-bullet-list-content elementor-repeater-item-6e94d9f\">\n\t\t\t\t<div class=\"premium-bullet-list-text\">\n\t\t\t\t\n\t\t\t\t<span   data-text=\"Manga Maturada\"> Manga Maturada <\/span>\n\t\t\t\t<\/div>\n\n\t\t\t\t\n\t\t\t\t\n\t\t\t<\/li>\n\n\t\t\t\t\n\t\t\t<li class=\"premium-bullet-list-content elementor-repeater-item-7a9f506\">\n\t\t\t\t<div class=\"premium-bullet-list-text\">\n\t\t\t\t\n\t\t\t\t<span   data-text=\"Maracuj\u00e1 Roxo\"> Maracuj\u00e1 Roxo <\/span>\n\t\t\t\t<\/div>\n\n\t\t\t\t\n\t\t\t\t\n\t\t\t<\/li>\n\n\t\t\t\t\n\t\t\t<li class=\"premium-bullet-list-content elementor-repeater-item-24ac12e\">\n\t\t\t\t<div class=\"premium-bullet-list-text\">\n\t\t\t\t\n\t\t\t\t<span   data-text=\"Papaia\"> Papaia <\/span>\n\t\t\t\t<\/div>\n\n\t\t\t\t\n\t\t\t\t\n\t\t\t<\/li>\n\n\t\t\t\t\t\t<\/ul>\n\t\t\t\t\t\t<\/div>\n\t\t\t\t<\/div>\n\t\t\t\t\t<\/div>\n\t\t<\/div>\n\t\t\t\t<div class=\"elementor-column elementor-col-50 elementor-top-column elementor-element elementor-element-21818ff7\" data-id=\"21818ff7\" data-element_type=\"column\" data-e-type=\"column\">\n\t\t\t<div class=\"elementor-widget-wrap elementor-element-populated\">\n\t\t\t\t\t\t<div class=\"elementor-element elementor-element-5b7cebae elementor-widget elementor-widget-image\" data-id=\"5b7cebae\" data-element_type=\"widget\" data-e-type=\"widget\" data-widget_type=\"image.default\">\n\t\t\t\t<div class=\"elementor-widget-container\">\n\t\t\t\t\t\t\t\t\t\t\t\t\t\t\t<img decoding=\"async\" src=\"https:\/\/fruitport.pt\/wp-content\/uploads\/elementor\/thumbs\/fruitport_frutas_tropical-pi4zfczaeay4ygqv43r83wk0pz5quw8it6mev0cdko.jpg\" title=\"fruitport_frutas_tropical\" alt=\"fruitport_frutas_tropical\" loading=\"lazy\" \/>\t\t\t\t\t\t\t\t\t\t\t\t\t\t\t<\/div>\n\t\t\t\t<\/div>\n\t\t\t\t<div class=\"elementor-element elementor-element-49a5af6a elementor-widget elementor-widget-text-editor\" data-id=\"49a5af6a\" data-element_type=\"widget\" data-e-type=\"widget\" data-widget_type=\"text-editor.default\">\n\t\t\t\t<div class=\"elementor-widget-container\">\n\t\t\t\t\t\t\t\t\tNa Fruitport, a variedade anda de m\u00e3os dadas com a qualidade. Por isso, controlamos todos os nossos produtos diariamente e garantimos uma distribui\u00e7\u00e3o sem falhas para abastecermos o mercado com os melhores produtos.\n<p>\nOs nossos tropicais v\u00eam diretamente da produ\u00e7\u00e3o na origem para o nosso armaz\u00e9m, o mais r\u00e1pido e eficazmente poss\u00edvel.<\/p>\t\t\t\t\t\t\t\t<\/div>\n\t\t\t\t<\/div>\n\t\t\t\t\t<\/div>\n\t\t<\/div>\n\t\t\t\t\t<\/div>\n\t\t<\/section>\n\t\t\t\t<section data-gradient=\"{&quot;angle&quot;:-45,&quot;colors&quot;:[{&quot;premium_gradient_colors&quot;:&quot;#ef597b&quot;,&quot;_id&quot;:&quot;92c36fb&quot;},{&quot;premium_gradient_colors&quot;:&quot;#ff6d31&quot;,&quot;_id&quot;:&quot;fef4f3b&quot;},{&quot;premium_gradient_colors&quot;:&quot;#73b66b&quot;,&quot;_id&quot;:&quot;b103df3&quot;},{&quot;premium_gradient_colors&quot;:&quot;#ffcb18&quot;,&quot;_id&quot;:&quot;f4dbe43&quot;},{&quot;premium_gradient_colors&quot;:&quot;#29a2c6&quot;,&quot;_id&quot;:&quot;d45a9b6&quot;}]}\" class=\"elementor-section elementor-top-section elementor-element elementor-element-4898fd01 elementor-section-stretched premium-gradient-yes elementor-section-content-middle elementor-section-boxed elementor-section-height-default elementor-section-height-default\" data-id=\"4898fd01\" data-element_type=\"section\" data-e-type=\"section\" data-settings=\"{&quot;stretch_section&quot;:&quot;section-stretched&quot;,&quot;background_background&quot;:&quot;gradient&quot;}\">\n\t\t\t\t\t\t<div class=\"elementor-container elementor-column-gap-default\">\n\t\t\t\t\t<div class=\"elementor-column elementor-col-50 elementor-top-column elementor-element elementor-element-75f613ff\" data-id=\"75f613ff\" data-element_type=\"column\" data-e-type=\"column\">\n\t\t\t<div class=\"elementor-widget-wrap elementor-element-populated\">\n\t\t\t\t\t\t<div class=\"elementor-element elementor-element-239a6bc2 elementor-widget elementor-widget-heading\" data-id=\"239a6bc2\" data-element_type=\"widget\" data-e-type=\"widget\" data-widget_type=\"heading.default\">\n\t\t\t\t<div class=\"elementor-widget-container\">\n\t\t\t\t\t<h2 class=\"elementor-heading-title elementor-size-default\">Interessado nos nossos produtos<\/h2>\t\t\t\t<\/div>\n\t\t\t\t<\/div>\n\t\t\t\t<div class=\"elementor-element elementor-element-1b591ac8 elementor-widget elementor-widget-text-editor\" data-id=\"1b591ac8\" data-element_type=\"widget\" data-e-type=\"widget\" data-widget_type=\"text-editor.default\">\n\t\t\t\t<div class=\"elementor-widget-container\">\n\t\t\t\t\t\t\t\t\tEntre em contato connosco e entre no mundo Fruitport. A nossa equipa est\u00e1 ao seu disp\u00f4r.\t\t\t\t\t\t\t\t<\/div>\n\t\t\t\t<\/div>\n\t\t\t\t\t<\/div>\n\t\t<\/div>\n\t\t\t\t<div class=\"elementor-column elementor-col-50 elementor-top-column elementor-element elementor-element-2af086d0\" data-id=\"2af086d0\" data-element_type=\"column\" data-e-type=\"column\">\n\t\t\t<div class=\"elementor-widget-wrap elementor-element-populated\">\n\t\t\t\t\t\t<div class=\"elementor-element elementor-element-49b4a0fb elementor-widget elementor-widget-premium-addon-button\" data-id=\"49b4a0fb\" data-element_type=\"widget\" data-e-type=\"widget\" data-widget_type=\"premium-addon-button.default\">\n\t\t\t\t<div class=\"elementor-widget-container\">\n\t\t\t\t\t\n\n\t\t<a class=\"premium-button premium-button-none premium-btn-lg premium-button-none\" href=\"https:\/\/fruitport.pt\/equipa\">\n\t\t\t<div class=\"premium-button-text-icon-wrapper\">\n\t\t\t\t\n\t\t\t\t\t\t\t\t\t<span >\n\t\t\t\t\t\tFale connosco\t\t\t\t\t<\/span>\n\t\t\t\t\n\t\t\t\t\t\t\t<\/div>\n\n\t\t\t\n\t\t\t\n\t\t\t\n\t\t<\/a>\n\n\n\t\t\t\t\t\t<\/div>\n\t\t\t\t<\/div>\n\t\t\t\t\t<\/div>\n\t\t<\/div>\n\t\t\t\t\t<\/div>\n\t\t<\/section>\n\t\t\t\t<\/div>\n\t\t","protected":false},"excerpt":{"rendered":"<p>PRODUTOS Abacate Abacaxi Anona Coco Seco Lima Mam\u00e3o Manga Avi\u00e3o Manga Barco Manga Maturada Maracuj\u00e1 Roxo Papaia Na Fruitport, a variedade anda de m\u00e3os dadas com a qualidade. Por isso, controlamos todos os nossos produtos diariamente e garantimos uma distribui\u00e7\u00e3o sem falhas para abastecermos o mercado com os melhores produtos. Os nossos tropicais v\u00eam diretamente [&hellip;]<\/p>\n","protected":false},"author":2,"featured_media":0,"parent":8512,"menu_order":0,"comment_status":"closed","ping_status":"closed","template":"elementor_header_footer","meta":{"footnotes":""},"class_list":["post-8787","page","type-page","status-publish","hentry"],"yoast_head":"<!-- This site is optimized with the Yoast SEO plugin v27.5 - https:\/\/yoast.com\/product\/yoast-seo-wordpress\/ -->\n<title>Tropicais - Fruitport<\/title>\n<meta name=\"robots\" content=\"index, follow, max-snippet:-1, max-image-preview:large, max-video-preview:-1\" \/>\n<link rel=\"canonical\" href=\"https:\/\/fruitport.pt\/en\/our-products\/tropical\/\" \/>\n<meta property=\"og:locale\" content=\"en_GB\" \/>\n<meta property=\"og:type\" content=\"article\" \/>\n<meta property=\"og:title\" content=\"Tropicais - Fruitport\" \/>\n<meta property=\"og:description\" content=\"PRODUTOS Abacate Abacaxi Anona Coco Seco Lima Mam\u00e3o Manga Avi\u00e3o Manga Barco Manga Maturada Maracuj\u00e1 Roxo Papaia Na Fruitport, a variedade anda de m\u00e3os dadas com a qualidade. Por isso, controlamos todos os nossos produtos diariamente e garantimos uma distribui\u00e7\u00e3o sem falhas para abastecermos o mercado com os melhores produtos. Os nossos tropicais v\u00eam diretamente [&hellip;]\" \/>\n<meta property=\"og:url\" content=\"https:\/\/fruitport.pt\/en\/our-products\/tropical\/\" \/>\n<meta property=\"og:site_name\" content=\"Fruitport\" \/>\n<meta property=\"article:publisher\" content=\"https:\/\/www.facebook.com\/fruitport\/\" \/>\n<meta property=\"article:modified_time\" content=\"2022-01-05T15:02:48+00:00\" \/>\n<meta property=\"og:image\" content=\"https:\/\/fruitport.pt\/wp-content\/uploads\/elementor\/thumbs\/fruitport_frutas_tropical-pi4zfczaeay4ygqv43r83wk0pz5quw8it6mee2ofsw.jpg\" \/>\n<meta name=\"twitter:card\" content=\"summary_large_image\" \/>\n<meta name=\"twitter:label1\" content=\"Estimated reading time\" \/>\n\t<meta name=\"twitter:data1\" content=\"1 minute\" \/>\n<script type=\"application\/ld+json\" class=\"yoast-schema-graph\">{\"@context\":\"https:\\\/\\\/schema.org\",\"@graph\":[{\"@type\":\"WebPage\",\"@id\":\"https:\\\/\\\/fruitport.pt\\\/produtos\\\/tropicais\\\/\",\"url\":\"https:\\\/\\\/fruitport.pt\\\/produtos\\\/tropicais\\\/\",\"name\":\"Tropicais - Fruitport\",\"isPartOf\":{\"@id\":\"https:\\\/\\\/fruitport.pt\\\/#website\"},\"primaryImageOfPage\":{\"@id\":\"https:\\\/\\\/fruitport.pt\\\/produtos\\\/tropicais\\\/#primaryimage\"},\"image\":{\"@id\":\"https:\\\/\\\/fruitport.pt\\\/produtos\\\/tropicais\\\/#primaryimage\"},\"thumbnailUrl\":\"https:\\\/\\\/fruitport.pt\\\/wp-content\\\/uploads\\\/elementor\\\/thumbs\\\/fruitport_frutas_tropical-pi4zfczaeay4ygqv43r83wk0pz5quw8it6mee2ofsw.jpg\",\"datePublished\":\"2021-08-19T15:52:18+00:00\",\"dateModified\":\"2022-01-05T15:02:48+00:00\",\"breadcrumb\":{\"@id\":\"https:\\\/\\\/fruitport.pt\\\/produtos\\\/tropicais\\\/#breadcrumb\"},\"inLanguage\":\"en-GB\",\"potentialAction\":[{\"@type\":\"ReadAction\",\"target\":[\"https:\\\/\\\/fruitport.pt\\\/produtos\\\/tropicais\\\/\"]}]},{\"@type\":\"ImageObject\",\"inLanguage\":\"en-GB\",\"@id\":\"https:\\\/\\\/fruitport.pt\\\/produtos\\\/tropicais\\\/#primaryimage\",\"url\":\"https:\\\/\\\/fruitport.pt\\\/wp-content\\\/uploads\\\/elementor\\\/thumbs\\\/fruitport_frutas_tropical-pi4zfczaeay4ygqv43r83wk0pz5quw8it6mee2ofsw.jpg\",\"contentUrl\":\"https:\\\/\\\/fruitport.pt\\\/wp-content\\\/uploads\\\/elementor\\\/thumbs\\\/fruitport_frutas_tropical-pi4zfczaeay4ygqv43r83wk0pz5quw8it6mee2ofsw.jpg\"},{\"@type\":\"BreadcrumbList\",\"@id\":\"https:\\\/\\\/fruitport.pt\\\/produtos\\\/tropicais\\\/#breadcrumb\",\"itemListElement\":[{\"@type\":\"ListItem\",\"position\":1,\"name\":\"In\u00edcio\",\"item\":\"https:\\\/\\\/fruitport.pt\\\/\"},{\"@type\":\"ListItem\",\"position\":2,\"name\":\"Produtos\",\"item\":\"https:\\\/\\\/fruitport.pt\\\/produtos\\\/\"},{\"@type\":\"ListItem\",\"position\":3,\"name\":\"Tropicais\"}]},{\"@type\":\"WebSite\",\"@id\":\"https:\\\/\\\/fruitport.pt\\\/#website\",\"url\":\"https:\\\/\\\/fruitport.pt\\\/\",\"name\":\"Fruitport\",\"description\":\"Frutas frescas e de qualidade para o retalho e mercados grossistas.\",\"publisher\":{\"@id\":\"https:\\\/\\\/fruitport.pt\\\/#organization\"},\"potentialAction\":[{\"@type\":\"SearchAction\",\"target\":{\"@type\":\"EntryPoint\",\"urlTemplate\":\"https:\\\/\\\/fruitport.pt\\\/?s={search_term_string}\"},\"query-input\":{\"@type\":\"PropertyValueSpecification\",\"valueRequired\":true,\"valueName\":\"search_term_string\"}}],\"inLanguage\":\"en-GB\"},{\"@type\":\"Organization\",\"@id\":\"https:\\\/\\\/fruitport.pt\\\/#organization\",\"name\":\"Fruitport International Food Trade\",\"url\":\"https:\\\/\\\/fruitport.pt\\\/\",\"logo\":{\"@type\":\"ImageObject\",\"inLanguage\":\"en-GB\",\"@id\":\"https:\\\/\\\/fruitport.pt\\\/#\\\/schema\\\/logo\\\/image\\\/\",\"url\":\"https:\\\/\\\/fruitport.pt\\\/wp-content\\\/uploads\\\/2021\\\/08\\\/fruitport-color@2x.png\",\"contentUrl\":\"https:\\\/\\\/fruitport.pt\\\/wp-content\\\/uploads\\\/2021\\\/08\\\/fruitport-color@2x.png\",\"width\":400,\"height\":140,\"caption\":\"Fruitport International Food Trade\"},\"image\":{\"@id\":\"https:\\\/\\\/fruitport.pt\\\/#\\\/schema\\\/logo\\\/image\\\/\"},\"sameAs\":[\"https:\\\/\\\/www.facebook.com\\\/fruitport\\\/\",\"https:\\\/\\\/www.instagram.com\\\/fruitport.lda\\\/\",\"https:\\\/\\\/www.linkedin.com\\\/company\\\/fruitport-international-food-trade\\\/\"]}]}<\/script>\n<!-- \/ Yoast SEO plugin. -->","yoast_head_json":{"title":"Tropicais - Fruitport","robots":{"index":"index","follow":"follow","max-snippet":"max-snippet:-1","max-image-preview":"max-image-preview:large","max-video-preview":"max-video-preview:-1"},"canonical":"https:\/\/fruitport.pt\/en\/our-products\/tropical\/","og_locale":"en_GB","og_type":"article","og_title":"Tropicais - Fruitport","og_description":"PRODUTOS Abacate Abacaxi Anona Coco Seco Lima Mam\u00e3o Manga Avi\u00e3o Manga Barco Manga Maturada Maracuj\u00e1 Roxo Papaia Na Fruitport, a variedade anda de m\u00e3os dadas com a qualidade. Por isso, controlamos todos os nossos produtos diariamente e garantimos uma distribui\u00e7\u00e3o sem falhas para abastecermos o mercado com os melhores produtos. Os nossos tropicais v\u00eam diretamente [&hellip;]","og_url":"https:\/\/fruitport.pt\/en\/our-products\/tropical\/","og_site_name":"Fruitport","article_publisher":"https:\/\/www.facebook.com\/fruitport\/","article_modified_time":"2022-01-05T15:02:48+00:00","og_image":[{"url":"https:\/\/fruitport.pt\/wp-content\/uploads\/elementor\/thumbs\/fruitport_frutas_tropical-pi4zfczaeay4ygqv43r83wk0pz5quw8it6mee2ofsw.jpg","type":"","width":"","height":""}],"twitter_card":"summary_large_image","twitter_misc":{"Estimated reading time":"1 minute"},"schema":{"@context":"https:\/\/schema.org","@graph":[{"@type":"WebPage","@id":"https:\/\/fruitport.pt\/produtos\/tropicais\/","url":"https:\/\/fruitport.pt\/produtos\/tropicais\/","name":"Tropicais - Fruitport","isPartOf":{"@id":"https:\/\/fruitport.pt\/#website"},"primaryImageOfPage":{"@id":"https:\/\/fruitport.pt\/produtos\/tropicais\/#primaryimage"},"image":{"@id":"https:\/\/fruitport.pt\/produtos\/tropicais\/#primaryimage"},"thumbnailUrl":"https:\/\/fruitport.pt\/wp-content\/uploads\/elementor\/thumbs\/fruitport_frutas_tropical-pi4zfczaeay4ygqv43r83wk0pz5quw8it6mee2ofsw.jpg","datePublished":"2021-08-19T15:52:18+00:00","dateModified":"2022-01-05T15:02:48+00:00","breadcrumb":{"@id":"https:\/\/fruitport.pt\/produtos\/tropicais\/#breadcrumb"},"inLanguage":"en-GB","potentialAction":[{"@type":"ReadAction","target":["https:\/\/fruitport.pt\/produtos\/tropicais\/"]}]},{"@type":"ImageObject","inLanguage":"en-GB","@id":"https:\/\/fruitport.pt\/produtos\/tropicais\/#primaryimage","url":"https:\/\/fruitport.pt\/wp-content\/uploads\/elementor\/thumbs\/fruitport_frutas_tropical-pi4zfczaeay4ygqv43r83wk0pz5quw8it6mee2ofsw.jpg","contentUrl":"https:\/\/fruitport.pt\/wp-content\/uploads\/elementor\/thumbs\/fruitport_frutas_tropical-pi4zfczaeay4ygqv43r83wk0pz5quw8it6mee2ofsw.jpg"},{"@type":"BreadcrumbList","@id":"https:\/\/fruitport.pt\/produtos\/tropicais\/#breadcrumb","itemListElement":[{"@type":"ListItem","position":1,"name":"In\u00edcio","item":"https:\/\/fruitport.pt\/"},{"@type":"ListItem","position":2,"name":"Produtos","item":"https:\/\/fruitport.pt\/produtos\/"},{"@type":"ListItem","position":3,"name":"Tropicais"}]},{"@type":"WebSite","@id":"https:\/\/fruitport.pt\/#website","url":"https:\/\/fruitport.pt\/","name":"Fruitport","description":"Frutas frescas e de qualidade para o retalho e mercados grossistas.","publisher":{"@id":"https:\/\/fruitport.pt\/#organization"},"potentialAction":[{"@type":"SearchAction","target":{"@type":"EntryPoint","urlTemplate":"https:\/\/fruitport.pt\/?s={search_term_string}"},"query-input":{"@type":"PropertyValueSpecification","valueRequired":true,"valueName":"search_term_string"}}],"inLanguage":"en-GB"},{"@type":"Organization","@id":"https:\/\/fruitport.pt\/#organization","name":"Fruitport International Food Trade","url":"https:\/\/fruitport.pt\/","logo":{"@type":"ImageObject","inLanguage":"en-GB","@id":"https:\/\/fruitport.pt\/#\/schema\/logo\/image\/","url":"https:\/\/fruitport.pt\/wp-content\/uploads\/2021\/08\/fruitport-color@2x.png","contentUrl":"https:\/\/fruitport.pt\/wp-content\/uploads\/2021\/08\/fruitport-color@2x.png","width":400,"height":140,"caption":"Fruitport International Food Trade"},"image":{"@id":"https:\/\/fruitport.pt\/#\/schema\/logo\/image\/"},"sameAs":["https:\/\/www.facebook.com\/fruitport\/","https:\/\/www.instagram.com\/fruitport.lda\/","https:\/\/www.linkedin.com\/company\/fruitport-international-food-trade\/"]}]}},"_links":{"self":[{"href":"https:\/\/fruitport.pt\/en\/wp-json\/wp\/v2\/pages\/8787","targetHints":{"allow":["GET"]}}],"collection":[{"href":"https:\/\/fruitport.pt\/en\/wp-json\/wp\/v2\/pages"}],"about":[{"href":"https:\/\/fruitport.pt\/en\/wp-json\/wp\/v2\/types\/page"}],"author":[{"embeddable":true,"href":"https:\/\/fruitport.pt\/en\/wp-json\/wp\/v2\/users\/2"}],"replies":[{"embeddable":true,"href":"https:\/\/fruitport.pt\/en\/wp-json\/wp\/v2\/comments?post=8787"}],"version-history":[{"count":32,"href":"https:\/\/fruitport.pt\/en\/wp-json\/wp\/v2\/pages\/8787\/revisions"}],"predecessor-version":[{"id":9442,"href":"https:\/\/fruitport.pt\/en\/wp-json\/wp\/v2\/pages\/8787\/revisions\/9442"}],"up":[{"embeddable":true,"href":"https:\/\/fruitport.pt\/en\/wp-json\/wp\/v2\/pages\/8512"}],"wp:attachment":[{"href":"https:\/\/fruitport.pt\/en\/wp-json\/wp\/v2\/media?parent=8787"}],"curies":[{"name":"wp","href":"https:\/\/api.w.org\/{rel}","templated":true}]}}