{"id":8731,"date":"2021-08-19T12:31:01","date_gmt":"2021-08-19T12:31:01","guid":{"rendered":"https:\/\/fruitport.pt\/?page_id=8731"},"modified":"2022-01-05T15:06:46","modified_gmt":"2022-01-05T15:06:46","slug":"main-stream-products","status":"publish","type":"page","link":"https:\/\/fruitport.pt\/en\/produtos\/produtos-de-grande-consumo\/","title":{"rendered":"Mainstream products"},"content":{"rendered":"\t\t<div data-elementor-type=\"wp-page\" data-elementor-id=\"8731\" class=\"elementor elementor-8731\" data-elementor-post-type=\"page\">\n\t\t\t\t\t\t<section class=\"elementor-section elementor-top-section elementor-element elementor-element-481d2276 elementor-section-boxed elementor-section-height-default elementor-section-height-default\" data-id=\"481d2276\" data-element_type=\"section\" data-e-type=\"section\">\n\t\t\t\t\t\t<div class=\"elementor-container elementor-column-gap-default\">\n\t\t\t\t\t<div class=\"elementor-column elementor-col-50 elementor-top-column elementor-element elementor-element-23e17192\" data-id=\"23e17192\" data-element_type=\"column\" data-e-type=\"column\" data-settings=\"{&quot;background_background&quot;:&quot;classic&quot;}\">\n\t\t\t<div class=\"elementor-widget-wrap elementor-element-populated\">\n\t\t\t\t\t\t<div class=\"elementor-element elementor-element-6163a045 elementor-widget elementor-widget-heading\" data-id=\"6163a045\" data-element_type=\"widget\" data-e-type=\"widget\" data-widget_type=\"heading.default\">\n\t\t\t\t<div class=\"elementor-widget-container\">\n\t\t\t\t\t<h1 class=\"elementor-heading-title elementor-size-medium\"><a href=\"https:\/\/fruitport.pt\/produtos\/\">PRODUTOS<\/a><\/h1>\t\t\t\t<\/div>\n\t\t\t\t<\/div>\n\t\t\t\t<div class=\"elementor-element elementor-element-d487338 premium-type-column elementor-widget elementor-widget-premium-icon-list\" data-id=\"d487338\" data-element_type=\"widget\" data-e-type=\"widget\" data-settings=\"{&quot;rbadges_repeater&quot;:[]}\" data-widget_type=\"premium-icon-list.default\">\n\t\t\t\t<div class=\"elementor-widget-container\">\n\t\t\t\t\t\t\t\t<ul class=\"premium-bullet-list-box\">\n\t\t\n\t\t\t<li class=\"premium-bullet-list-content elementor-repeater-item-f48a864\">\n\t\t\t\t<div class=\"premium-bullet-list-text\">\n\t\t\t\t\n\t\t\t\t<span   data-text=\"Ameixa\"> Ameixa <\/span>\n\t\t\t\t<\/div>\n\n\t\t\t\t\n\t\t\t\t\n\t\t\t<\/li>\n\n\t\t\t\t\n\t\t\t<li class=\"premium-bullet-list-content elementor-repeater-item-5455cd1\">\n\t\t\t\t<div class=\"premium-bullet-list-text\">\n\t\t\t\t\n\t\t\t\t<span   data-text=\"Anan\u00e1s\"> Anan\u00e1s <\/span>\n\t\t\t\t<\/div>\n\n\t\t\t\t\n\t\t\t\t\n\t\t\t<\/li>\n\n\t\t\t\t\n\t\t\t<li class=\"premium-bullet-list-content elementor-repeater-item-1fe2ca3\">\n\t\t\t\t<div class=\"premium-bullet-list-text\">\n\t\t\t\t\n\t\t\t\t<span   data-text=\"Alperce\"> Alperce <\/span>\n\t\t\t\t<\/div>\n\n\t\t\t\t\n\t\t\t\t\n\t\t\t<\/li>\n\n\t\t\t\t\n\t\t\t<li class=\"premium-bullet-list-content elementor-repeater-item-3d5c6f1\">\n\t\t\t\t<div class=\"premium-bullet-list-text\">\n\t\t\t\t\n\t\t\t\t<span   data-text=\"Banana\"> Banana <\/span>\n\t\t\t\t<\/div>\n\n\t\t\t\t\n\t\t\t\t\n\t\t\t<\/li>\n\n\t\t\t\t\n\t\t\t<li class=\"premium-bullet-list-content elementor-repeater-item-010df8f\">\n\t\t\t\t<div class=\"premium-bullet-list-text\">\n\t\t\t\t\n\t\t\t\t<span   data-text=\"Castanhas\"> Castanhas <\/span>\n\t\t\t\t<\/div>\n\n\t\t\t\t\n\t\t\t\t\n\t\t\t<\/li>\n\n\t\t\t\t\n\t\t\t<li class=\"premium-bullet-list-content elementor-repeater-item-3a49c85\">\n\t\t\t\t<div class=\"premium-bullet-list-text\">\n\t\t\t\t\n\t\t\t\t<span   data-text=\"Cerejas\"> Cerejas <\/span>\n\t\t\t\t<\/div>\n\n\t\t\t\t\n\t\t\t\t\n\t\t\t<\/li>\n\n\t\t\t\t\n\t\t\t<li class=\"premium-bullet-list-content elementor-repeater-item-ae41f19\">\n\t\t\t\t<div class=\"premium-bullet-list-text\">\n\t\t\t\t\n\t\t\t\t<span   data-text=\"Diospiro\"> Diospiro <\/span>\n\t\t\t\t<\/div>\n\n\t\t\t\t\n\t\t\t\t\n\t\t\t<\/li>\n\n\t\t\t\t\n\t\t\t<li class=\"premium-bullet-list-content elementor-repeater-item-a76c9f7\">\n\t\t\t\t<div class=\"premium-bullet-list-text\">\n\t\t\t\t\n\t\t\t\t<span   data-text=\"Figo\"> Figo <\/span>\n\t\t\t\t<\/div>\n\n\t\t\t\t\n\t\t\t\t\n\t\t\t<\/li>\n\n\t\t\t\t\n\t\t\t<li class=\"premium-bullet-list-content elementor-repeater-item-ccebac2\">\n\t\t\t\t<div class=\"premium-bullet-list-text\">\n\t\t\t\t\n\t\t\t\t<span   data-text=\"Framboesa\"> Framboesa <\/span>\n\t\t\t\t<\/div>\n\n\t\t\t\t\n\t\t\t\t\n\t\t\t<\/li>\n\n\t\t\t\t\n\t\t\t<li class=\"premium-bullet-list-content elementor-repeater-item-dfdd678\">\n\t\t\t\t<div class=\"premium-bullet-list-text\">\n\t\t\t\t\n\t\t\t\t<span   data-text=\"Laranja\"> Laranja <\/span>\n\t\t\t\t<\/div>\n\n\t\t\t\t\n\t\t\t\t\n\t\t\t<\/li>\n\n\t\t\t\t\n\t\t\t<li class=\"premium-bullet-list-content elementor-repeater-item-3a2a41a\">\n\t\t\t\t<div class=\"premium-bullet-list-text\">\n\t\t\t\t\n\t\t\t\t<span   data-text=\"Kiwi\"> Kiwi <\/span>\n\t\t\t\t<\/div>\n\n\t\t\t\t\n\t\t\t\t\n\t\t\t<\/li>\n\n\t\t\t\t\n\t\t\t<li class=\"premium-bullet-list-content elementor-repeater-item-11e6dce\">\n\t\t\t\t<div class=\"premium-bullet-list-text\">\n\t\t\t\t\n\t\t\t\t<span   data-text=\"Lim\u00e3o\"> Lim\u00e3o <\/span>\n\t\t\t\t<\/div>\n\n\t\t\t\t\n\t\t\t\t\n\t\t\t<\/li>\n\n\t\t\t\t\n\t\t\t<li class=\"premium-bullet-list-content elementor-repeater-item-8ffec60\">\n\t\t\t\t<div class=\"premium-bullet-list-text\">\n\t\t\t\t\n\t\t\t\t<span   data-text=\"Mandarinas\"> Mandarinas <\/span>\n\t\t\t\t<\/div>\n\n\t\t\t\t\n\t\t\t\t\n\t\t\t<\/li>\n\n\t\t\t\t\n\t\t\t<li class=\"premium-bullet-list-content elementor-repeater-item-e77dacd\">\n\t\t\t\t<div class=\"premium-bullet-list-text\">\n\t\t\t\t\n\t\t\t\t<span   data-text=\"Melancias\"> Melancias <\/span>\n\t\t\t\t<\/div>\n\n\t\t\t\t\n\t\t\t\t\n\t\t\t<\/li>\n\n\t\t\t\t\n\t\t\t<li class=\"premium-bullet-list-content elementor-repeater-item-3ebc2db\">\n\t\t\t\t<div class=\"premium-bullet-list-text\">\n\t\t\t\t\n\t\t\t\t<span   data-text=\"Mel\u00e3o\"> Mel\u00e3o <\/span>\n\t\t\t\t<\/div>\n\n\t\t\t\t\n\t\t\t\t\n\t\t\t<\/li>\n\n\t\t\t\t\n\t\t\t<li class=\"premium-bullet-list-content elementor-repeater-item-69f3db8\">\n\t\t\t\t<div class=\"premium-bullet-list-text\">\n\t\t\t\t\n\t\t\t\t<span   data-text=\"Morango\"> Morango <\/span>\n\t\t\t\t<\/div>\n\n\t\t\t\t\n\t\t\t\t\n\t\t\t<\/li>\n\n\t\t\t\t\n\t\t\t<li class=\"premium-bullet-list-content elementor-repeater-item-819090d\">\n\t\t\t\t<div class=\"premium-bullet-list-text\">\n\t\t\t\t\n\t\t\t\t<span   data-text=\"Mirtilo\"> Mirtilo <\/span>\n\t\t\t\t<\/div>\n\n\t\t\t\t\n\t\t\t\t\n\t\t\t<\/li>\n\n\t\t\t\t\n\t\t\t<li class=\"premium-bullet-list-content elementor-repeater-item-5ad2648\">\n\t\t\t\t<div class=\"premium-bullet-list-text\">\n\t\t\t\t\n\t\t\t\t<span   data-text=\"Nectarina\"> Nectarina <\/span>\n\t\t\t\t<\/div>\n\n\t\t\t\t\n\t\t\t\t\n\t\t\t<\/li>\n\n\t\t\t\t\n\t\t\t<li class=\"premium-bullet-list-content elementor-repeater-item-3f003d2\">\n\t\t\t\t<div class=\"premium-bullet-list-text\">\n\t\t\t\t\n\t\t\t\t<span   data-text=\"Peras\"> Peras <\/span>\n\t\t\t\t<\/div>\n\n\t\t\t\t\n\t\t\t\t\n\t\t\t<\/li>\n\n\t\t\t\t\n\t\t\t<li class=\"premium-bullet-list-content elementor-repeater-item-9fe1dda\">\n\t\t\t\t<div class=\"premium-bullet-list-text\">\n\t\t\t\t\n\t\t\t\t<span   data-text=\"P\u00eassegos\"> P\u00eassegos <\/span>\n\t\t\t\t<\/div>\n\n\t\t\t\t\n\t\t\t\t\n\t\t\t<\/li>\n\n\t\t\t\t\n\t\t\t<li class=\"premium-bullet-list-content elementor-repeater-item-8f266a2\">\n\t\t\t\t<div class=\"premium-bullet-list-text\">\n\t\t\t\t\n\t\t\t\t<span   data-text=\"Rom\u00e3\"> Rom\u00e3 <\/span>\n\t\t\t\t<\/div>\n\n\t\t\t\t\n\t\t\t\t\n\t\t\t<\/li>\n\n\t\t\t\t\n\t\t\t<li class=\"premium-bullet-list-content elementor-repeater-item-fde11bf\">\n\t\t\t\t<div class=\"premium-bullet-list-text\">\n\t\t\t\t\n\t\t\t\t<span   data-text=\"Uvas\"> Uvas <\/span>\n\t\t\t\t<\/div>\n\n\t\t\t\t\n\t\t\t\t\n\t\t\t<\/li>\n\n\t\t\t\t\t\t<\/ul>\n\t\t\t\t\t\t<\/div>\n\t\t\t\t<\/div>\n\t\t\t\t\t<\/div>\n\t\t<\/div>\n\t\t\t\t<div class=\"elementor-column elementor-col-50 elementor-top-column elementor-element elementor-element-21818ff7\" data-id=\"21818ff7\" data-element_type=\"column\" data-e-type=\"column\">\n\t\t\t<div class=\"elementor-widget-wrap elementor-element-populated\">\n\t\t\t\t\t\t<div class=\"elementor-element elementor-element-5b7cebae elementor-widget elementor-widget-image\" data-id=\"5b7cebae\" data-element_type=\"widget\" data-e-type=\"widget\" data-widget_type=\"image.default\">\n\t\t\t\t<div class=\"elementor-widget-container\">\n\t\t\t\t\t\t\t\t\t\t\t\t\t\t\t<img decoding=\"async\" src=\"https:\/\/fruitport.pt\/wp-content\/uploads\/elementor\/thumbs\/fruitport_produtos_grande_consumo-pi4y4gt5fur5qsv0xu19pqk5tyaiui2lp2ycy1vfzs.jpg\" title=\"fruitport_produtos_grande_consumo\" alt=\"fruitport_produtos_grande_consumo\" loading=\"lazy\" \/>\t\t\t\t\t\t\t\t\t\t\t\t\t\t\t<\/div>\n\t\t\t\t<\/div>\n\t\t\t\t<div class=\"elementor-element elementor-element-49a5af6a elementor-widget elementor-widget-text-editor\" data-id=\"49a5af6a\" data-element_type=\"widget\" data-e-type=\"widget\" data-widget_type=\"text-editor.default\">\n\t\t\t\t<div class=\"elementor-widget-container\">\n\t\t\t\t\t\t\t\t\tProdutos de \u00e9poca, fora dela.\nProdutos que fornecemos todo o ano, sejam de produ\u00e7\u00e3o Europeia ou de Hemisf\u00e9rio Sul. N\u00e3o importa a distancia, a frescura \u00e9 controlada da origem at\u00e9 ao cliente\t\t\t\t\t\t\t\t<\/div>\n\t\t\t\t<\/div>\n\t\t\t\t\t<\/div>\n\t\t<\/div>\n\t\t\t\t\t<\/div>\n\t\t<\/section>\n\t\t\t\t<section data-gradient=\"{&quot;angle&quot;:-45,&quot;colors&quot;:[{&quot;premium_gradient_colors&quot;:&quot;#ef597b&quot;,&quot;_id&quot;:&quot;92c36fb&quot;},{&quot;premium_gradient_colors&quot;:&quot;#ff6d31&quot;,&quot;_id&quot;:&quot;fef4f3b&quot;},{&quot;premium_gradient_colors&quot;:&quot;#73b66b&quot;,&quot;_id&quot;:&quot;b103df3&quot;},{&quot;premium_gradient_colors&quot;:&quot;#ffcb18&quot;,&quot;_id&quot;:&quot;f4dbe43&quot;},{&quot;premium_gradient_colors&quot;:&quot;#29a2c6&quot;,&quot;_id&quot;:&quot;d45a9b6&quot;}]}\" class=\"elementor-section elementor-top-section elementor-element elementor-element-7dadc0c4 elementor-section-stretched premium-gradient-yes elementor-section-content-middle elementor-section-boxed elementor-section-height-default elementor-section-height-default\" data-id=\"7dadc0c4\" data-element_type=\"section\" data-e-type=\"section\" data-settings=\"{&quot;stretch_section&quot;:&quot;section-stretched&quot;,&quot;background_background&quot;:&quot;gradient&quot;}\">\n\t\t\t\t\t\t<div class=\"elementor-container elementor-column-gap-default\">\n\t\t\t\t\t<div class=\"elementor-column elementor-col-50 elementor-top-column elementor-element elementor-element-df51ce3\" data-id=\"df51ce3\" data-element_type=\"column\" data-e-type=\"column\">\n\t\t\t<div class=\"elementor-widget-wrap elementor-element-populated\">\n\t\t\t\t\t\t<div class=\"elementor-element elementor-element-25f5af8 elementor-widget elementor-widget-heading\" data-id=\"25f5af8\" data-element_type=\"widget\" data-e-type=\"widget\" data-widget_type=\"heading.default\">\n\t\t\t\t<div class=\"elementor-widget-container\">\n\t\t\t\t\t<h2 class=\"elementor-heading-title elementor-size-default\">Interessado nos nossos produtos<\/h2>\t\t\t\t<\/div>\n\t\t\t\t<\/div>\n\t\t\t\t<div class=\"elementor-element elementor-element-20a23dfe elementor-widget elementor-widget-text-editor\" data-id=\"20a23dfe\" data-element_type=\"widget\" data-e-type=\"widget\" data-widget_type=\"text-editor.default\">\n\t\t\t\t<div class=\"elementor-widget-container\">\n\t\t\t\t\t\t\t\t\tEntre em contato connosco e entre no mundo Fruitport. A nossa equipa est\u00e1 ao seu disp\u00f4r.\t\t\t\t\t\t\t\t<\/div>\n\t\t\t\t<\/div>\n\t\t\t\t\t<\/div>\n\t\t<\/div>\n\t\t\t\t<div class=\"elementor-column elementor-col-50 elementor-top-column elementor-element elementor-element-10da40c4\" data-id=\"10da40c4\" data-element_type=\"column\" data-e-type=\"column\">\n\t\t\t<div class=\"elementor-widget-wrap elementor-element-populated\">\n\t\t\t\t\t\t<div class=\"elementor-element elementor-element-144f343e elementor-widget elementor-widget-premium-addon-button\" data-id=\"144f343e\" data-element_type=\"widget\" data-e-type=\"widget\" data-widget_type=\"premium-addon-button.default\">\n\t\t\t\t<div class=\"elementor-widget-container\">\n\t\t\t\t\t\n\n\t\t<a class=\"premium-button premium-button-none premium-btn-lg premium-button-none\" href=\"https:\/\/fruitport.pt\/equipa\">\n\t\t\t<div class=\"premium-button-text-icon-wrapper\">\n\t\t\t\t\n\t\t\t\t\t\t\t\t\t<span >\n\t\t\t\t\t\tFale connosco\t\t\t\t\t<\/span>\n\t\t\t\t\n\t\t\t\t\t\t\t<\/div>\n\n\t\t\t\n\t\t\t\n\t\t\t\n\t\t<\/a>\n\n\n\t\t\t\t\t\t<\/div>\n\t\t\t\t<\/div>\n\t\t\t\t\t<\/div>\n\t\t<\/div>\n\t\t\t\t\t<\/div>\n\t\t<\/section>\n\t\t\t\t<\/div>\n\t\t","protected":false},"excerpt":{"rendered":"<p>PRODUTOS Ameixa Anan\u00e1s Alperce Banana Castanhas Cerejas Diospiro Figo Framboesa Laranja Kiwi Lim\u00e3o Mandarinas Melancias Mel\u00e3o Morango Mirtilo Nectarina Peras P\u00eassegos Rom\u00e3 Uvas Produtos de \u00e9poca, fora dela. Produtos que fornecemos todo o ano, sejam de produ\u00e7\u00e3o Europeia ou de Hemisf\u00e9rio Sul. N\u00e3o importa a distancia, a frescura \u00e9 controlada da origem at\u00e9 ao cliente [&hellip;]<\/p>\n","protected":false},"author":2,"featured_media":0,"parent":8512,"menu_order":0,"comment_status":"closed","ping_status":"closed","template":"elementor_header_footer","meta":{"footnotes":""},"class_list":["post-8731","page","type-page","status-publish","hentry"],"yoast_head":"<!-- This site is optimized with the Yoast SEO plugin v27.5 - https:\/\/yoast.com\/product\/yoast-seo-wordpress\/ -->\n<title>Produtos de grande consumo - Fruitport<\/title>\n<meta name=\"robots\" content=\"index, follow, max-snippet:-1, max-image-preview:large, max-video-preview:-1\" \/>\n<link rel=\"canonical\" href=\"https:\/\/fruitport.pt\/en\/our-products\/main-stream-products\/\" \/>\n<meta property=\"og:locale\" content=\"en_GB\" \/>\n<meta property=\"og:type\" content=\"article\" \/>\n<meta property=\"og:title\" content=\"Produtos de grande consumo - Fruitport\" \/>\n<meta property=\"og:description\" content=\"PRODUTOS Ameixa Anan\u00e1s Alperce Banana Castanhas Cerejas Diospiro Figo Framboesa Laranja Kiwi Lim\u00e3o Mandarinas Melancias Mel\u00e3o Morango Mirtilo Nectarina Peras P\u00eassegos Rom\u00e3 Uvas Produtos de \u00e9poca, fora dela. Produtos que fornecemos todo o ano, sejam de produ\u00e7\u00e3o Europeia ou de Hemisf\u00e9rio Sul. N\u00e3o importa a distancia, a frescura \u00e9 controlada da origem at\u00e9 ao cliente [&hellip;]\" \/>\n<meta property=\"og:url\" content=\"https:\/\/fruitport.pt\/en\/our-products\/main-stream-products\/\" \/>\n<meta property=\"og:site_name\" content=\"Fruitport\" \/>\n<meta property=\"article:publisher\" content=\"https:\/\/www.facebook.com\/fruitport\/\" \/>\n<meta property=\"article:modified_time\" content=\"2022-01-05T15:06:46+00:00\" \/>\n<meta property=\"og:image\" content=\"https:\/\/fruitport.pt\/wp-content\/uploads\/elementor\/thumbs\/fruitport_produtos_grande_consumo-pi4y4gt5fur5qsv0xu19pqk5tyaiui2lp2ycy1vfzs.jpg\" \/>\n<meta name=\"twitter:card\" content=\"summary_large_image\" \/>\n<script type=\"application\/ld+json\" class=\"yoast-schema-graph\">{\"@context\":\"https:\\\/\\\/schema.org\",\"@graph\":[{\"@type\":\"WebPage\",\"@id\":\"https:\\\/\\\/fruitport.pt\\\/produtos\\\/produtos-de-grande-consumo\\\/\",\"url\":\"https:\\\/\\\/fruitport.pt\\\/produtos\\\/produtos-de-grande-consumo\\\/\",\"name\":\"Produtos de grande consumo - Fruitport\",\"isPartOf\":{\"@id\":\"https:\\\/\\\/fruitport.pt\\\/#website\"},\"primaryImageOfPage\":{\"@id\":\"https:\\\/\\\/fruitport.pt\\\/produtos\\\/produtos-de-grande-consumo\\\/#primaryimage\"},\"image\":{\"@id\":\"https:\\\/\\\/fruitport.pt\\\/produtos\\\/produtos-de-grande-consumo\\\/#primaryimage\"},\"thumbnailUrl\":\"https:\\\/\\\/fruitport.pt\\\/wp-content\\\/uploads\\\/elementor\\\/thumbs\\\/fruitport_produtos_grande_consumo-pi4y4gt5fur5qsv0xu19pqk5tyaiui2lp2ycy1vfzs.jpg\",\"datePublished\":\"2021-08-19T12:31:01+00:00\",\"dateModified\":\"2022-01-05T15:06:46+00:00\",\"breadcrumb\":{\"@id\":\"https:\\\/\\\/fruitport.pt\\\/produtos\\\/produtos-de-grande-consumo\\\/#breadcrumb\"},\"inLanguage\":\"en-GB\",\"potentialAction\":[{\"@type\":\"ReadAction\",\"target\":[\"https:\\\/\\\/fruitport.pt\\\/produtos\\\/produtos-de-grande-consumo\\\/\"]}]},{\"@type\":\"ImageObject\",\"inLanguage\":\"en-GB\",\"@id\":\"https:\\\/\\\/fruitport.pt\\\/produtos\\\/produtos-de-grande-consumo\\\/#primaryimage\",\"url\":\"https:\\\/\\\/fruitport.pt\\\/wp-content\\\/uploads\\\/elementor\\\/thumbs\\\/fruitport_produtos_grande_consumo-pi4y4gt5fur5qsv0xu19pqk5tyaiui2lp2ycy1vfzs.jpg\",\"contentUrl\":\"https:\\\/\\\/fruitport.pt\\\/wp-content\\\/uploads\\\/elementor\\\/thumbs\\\/fruitport_produtos_grande_consumo-pi4y4gt5fur5qsv0xu19pqk5tyaiui2lp2ycy1vfzs.jpg\"},{\"@type\":\"BreadcrumbList\",\"@id\":\"https:\\\/\\\/fruitport.pt\\\/produtos\\\/produtos-de-grande-consumo\\\/#breadcrumb\",\"itemListElement\":[{\"@type\":\"ListItem\",\"position\":1,\"name\":\"In\u00edcio\",\"item\":\"https:\\\/\\\/fruitport.pt\\\/\"},{\"@type\":\"ListItem\",\"position\":2,\"name\":\"Produtos\",\"item\":\"https:\\\/\\\/fruitport.pt\\\/produtos\\\/\"},{\"@type\":\"ListItem\",\"position\":3,\"name\":\"Produtos de grande consumo\"}]},{\"@type\":\"WebSite\",\"@id\":\"https:\\\/\\\/fruitport.pt\\\/#website\",\"url\":\"https:\\\/\\\/fruitport.pt\\\/\",\"name\":\"Fruitport\",\"description\":\"Frutas frescas e de qualidade para o retalho e mercados grossistas.\",\"publisher\":{\"@id\":\"https:\\\/\\\/fruitport.pt\\\/#organization\"},\"potentialAction\":[{\"@type\":\"SearchAction\",\"target\":{\"@type\":\"EntryPoint\",\"urlTemplate\":\"https:\\\/\\\/fruitport.pt\\\/?s={search_term_string}\"},\"query-input\":{\"@type\":\"PropertyValueSpecification\",\"valueRequired\":true,\"valueName\":\"search_term_string\"}}],\"inLanguage\":\"en-GB\"},{\"@type\":\"Organization\",\"@id\":\"https:\\\/\\\/fruitport.pt\\\/#organization\",\"name\":\"Fruitport International Food Trade\",\"url\":\"https:\\\/\\\/fruitport.pt\\\/\",\"logo\":{\"@type\":\"ImageObject\",\"inLanguage\":\"en-GB\",\"@id\":\"https:\\\/\\\/fruitport.pt\\\/#\\\/schema\\\/logo\\\/image\\\/\",\"url\":\"https:\\\/\\\/fruitport.pt\\\/wp-content\\\/uploads\\\/2021\\\/08\\\/fruitport-color@2x.png\",\"contentUrl\":\"https:\\\/\\\/fruitport.pt\\\/wp-content\\\/uploads\\\/2021\\\/08\\\/fruitport-color@2x.png\",\"width\":400,\"height\":140,\"caption\":\"Fruitport International Food Trade\"},\"image\":{\"@id\":\"https:\\\/\\\/fruitport.pt\\\/#\\\/schema\\\/logo\\\/image\\\/\"},\"sameAs\":[\"https:\\\/\\\/www.facebook.com\\\/fruitport\\\/\",\"https:\\\/\\\/www.instagram.com\\\/fruitport.lda\\\/\",\"https:\\\/\\\/www.linkedin.com\\\/company\\\/fruitport-international-food-trade\\\/\"]}]}<\/script>\n<!-- \/ Yoast SEO plugin. -->","yoast_head_json":{"title":"Produtos de grande consumo - Fruitport","robots":{"index":"index","follow":"follow","max-snippet":"max-snippet:-1","max-image-preview":"max-image-preview:large","max-video-preview":"max-video-preview:-1"},"canonical":"https:\/\/fruitport.pt\/en\/our-products\/main-stream-products\/","og_locale":"en_GB","og_type":"article","og_title":"Produtos de grande consumo - Fruitport","og_description":"PRODUTOS Ameixa Anan\u00e1s Alperce Banana Castanhas Cerejas Diospiro Figo Framboesa Laranja Kiwi Lim\u00e3o Mandarinas Melancias Mel\u00e3o Morango Mirtilo Nectarina Peras P\u00eassegos Rom\u00e3 Uvas Produtos de \u00e9poca, fora dela. Produtos que fornecemos todo o ano, sejam de produ\u00e7\u00e3o Europeia ou de Hemisf\u00e9rio Sul. N\u00e3o importa a distancia, a frescura \u00e9 controlada da origem at\u00e9 ao cliente [&hellip;]","og_url":"https:\/\/fruitport.pt\/en\/our-products\/main-stream-products\/","og_site_name":"Fruitport","article_publisher":"https:\/\/www.facebook.com\/fruitport\/","article_modified_time":"2022-01-05T15:06:46+00:00","og_image":[{"url":"https:\/\/fruitport.pt\/wp-content\/uploads\/elementor\/thumbs\/fruitport_produtos_grande_consumo-pi4y4gt5fur5qsv0xu19pqk5tyaiui2lp2ycy1vfzs.jpg","type":"","width":"","height":""}],"twitter_card":"summary_large_image","schema":{"@context":"https:\/\/schema.org","@graph":[{"@type":"WebPage","@id":"https:\/\/fruitport.pt\/produtos\/produtos-de-grande-consumo\/","url":"https:\/\/fruitport.pt\/produtos\/produtos-de-grande-consumo\/","name":"Produtos de grande consumo - Fruitport","isPartOf":{"@id":"https:\/\/fruitport.pt\/#website"},"primaryImageOfPage":{"@id":"https:\/\/fruitport.pt\/produtos\/produtos-de-grande-consumo\/#primaryimage"},"image":{"@id":"https:\/\/fruitport.pt\/produtos\/produtos-de-grande-consumo\/#primaryimage"},"thumbnailUrl":"https:\/\/fruitport.pt\/wp-content\/uploads\/elementor\/thumbs\/fruitport_produtos_grande_consumo-pi4y4gt5fur5qsv0xu19pqk5tyaiui2lp2ycy1vfzs.jpg","datePublished":"2021-08-19T12:31:01+00:00","dateModified":"2022-01-05T15:06:46+00:00","breadcrumb":{"@id":"https:\/\/fruitport.pt\/produtos\/produtos-de-grande-consumo\/#breadcrumb"},"inLanguage":"en-GB","potentialAction":[{"@type":"ReadAction","target":["https:\/\/fruitport.pt\/produtos\/produtos-de-grande-consumo\/"]}]},{"@type":"ImageObject","inLanguage":"en-GB","@id":"https:\/\/fruitport.pt\/produtos\/produtos-de-grande-consumo\/#primaryimage","url":"https:\/\/fruitport.pt\/wp-content\/uploads\/elementor\/thumbs\/fruitport_produtos_grande_consumo-pi4y4gt5fur5qsv0xu19pqk5tyaiui2lp2ycy1vfzs.jpg","contentUrl":"https:\/\/fruitport.pt\/wp-content\/uploads\/elementor\/thumbs\/fruitport_produtos_grande_consumo-pi4y4gt5fur5qsv0xu19pqk5tyaiui2lp2ycy1vfzs.jpg"},{"@type":"BreadcrumbList","@id":"https:\/\/fruitport.pt\/produtos\/produtos-de-grande-consumo\/#breadcrumb","itemListElement":[{"@type":"ListItem","position":1,"name":"In\u00edcio","item":"https:\/\/fruitport.pt\/"},{"@type":"ListItem","position":2,"name":"Produtos","item":"https:\/\/fruitport.pt\/produtos\/"},{"@type":"ListItem","position":3,"name":"Produtos de grande consumo"}]},{"@type":"WebSite","@id":"https:\/\/fruitport.pt\/#website","url":"https:\/\/fruitport.pt\/","name":"Fruitport","description":"Frutas frescas e de qualidade para o retalho e mercados grossistas.","publisher":{"@id":"https:\/\/fruitport.pt\/#organization"},"potentialAction":[{"@type":"SearchAction","target":{"@type":"EntryPoint","urlTemplate":"https:\/\/fruitport.pt\/?s={search_term_string}"},"query-input":{"@type":"PropertyValueSpecification","valueRequired":true,"valueName":"search_term_string"}}],"inLanguage":"en-GB"},{"@type":"Organization","@id":"https:\/\/fruitport.pt\/#organization","name":"Fruitport International Food Trade","url":"https:\/\/fruitport.pt\/","logo":{"@type":"ImageObject","inLanguage":"en-GB","@id":"https:\/\/fruitport.pt\/#\/schema\/logo\/image\/","url":"https:\/\/fruitport.pt\/wp-content\/uploads\/2021\/08\/fruitport-color@2x.png","contentUrl":"https:\/\/fruitport.pt\/wp-content\/uploads\/2021\/08\/fruitport-color@2x.png","width":400,"height":140,"caption":"Fruitport International Food Trade"},"image":{"@id":"https:\/\/fruitport.pt\/#\/schema\/logo\/image\/"},"sameAs":["https:\/\/www.facebook.com\/fruitport\/","https:\/\/www.instagram.com\/fruitport.lda\/","https:\/\/www.linkedin.com\/company\/fruitport-international-food-trade\/"]}]}},"_links":{"self":[{"href":"https:\/\/fruitport.pt\/en\/wp-json\/wp\/v2\/pages\/8731","targetHints":{"allow":["GET"]}}],"collection":[{"href":"https:\/\/fruitport.pt\/en\/wp-json\/wp\/v2\/pages"}],"about":[{"href":"https:\/\/fruitport.pt\/en\/wp-json\/wp\/v2\/types\/page"}],"author":[{"embeddable":true,"href":"https:\/\/fruitport.pt\/en\/wp-json\/wp\/v2\/users\/2"}],"replies":[{"embeddable":true,"href":"https:\/\/fruitport.pt\/en\/wp-json\/wp\/v2\/comments?post=8731"}],"version-history":[{"count":20,"href":"https:\/\/fruitport.pt\/en\/wp-json\/wp\/v2\/pages\/8731\/revisions"}],"predecessor-version":[{"id":9448,"href":"https:\/\/fruitport.pt\/en\/wp-json\/wp\/v2\/pages\/8731\/revisions\/9448"}],"up":[{"embeddable":true,"href":"https:\/\/fruitport.pt\/en\/wp-json\/wp\/v2\/pages\/8512"}],"wp:attachment":[{"href":"https:\/\/fruitport.pt\/en\/wp-json\/wp\/v2\/media?parent=8731"}],"curies":[{"name":"wp","href":"https:\/\/api.w.org\/{rel}","templated":true}]}}