{"id":8651,"date":"2021-08-19T11:49:19","date_gmt":"2021-08-19T11:49:19","guid":{"rendered":"https:\/\/fruitport.pt\/?page_id=8651"},"modified":"2021-12-27T15:36:28","modified_gmt":"2021-12-27T15:36:28","slug":"exotic","status":"publish","type":"page","link":"https:\/\/fruitport.pt\/en\/produtos\/exoticos\/","title":{"rendered":"Exotic"},"content":{"rendered":"\t\t<div data-elementor-type=\"wp-page\" data-elementor-id=\"8651\" class=\"elementor elementor-8651\" data-elementor-post-type=\"page\">\n\t\t\t\t\t\t<section class=\"elementor-section elementor-top-section elementor-element elementor-element-4058c739 elementor-reverse-mobile elementor-section-boxed elementor-section-height-default elementor-section-height-default\" data-id=\"4058c739\" data-element_type=\"section\" data-e-type=\"section\">\n\t\t\t\t\t\t<div class=\"elementor-container elementor-column-gap-default\">\n\t\t\t\t\t<div class=\"elementor-column elementor-col-50 elementor-top-column elementor-element elementor-element-61cd4965\" data-id=\"61cd4965\" data-element_type=\"column\" data-e-type=\"column\" data-settings=\"{&quot;background_background&quot;:&quot;classic&quot;}\">\n\t\t\t<div class=\"elementor-widget-wrap elementor-element-populated\">\n\t\t\t\t\t\t<div class=\"elementor-element elementor-element-293da4a2 elementor-widget elementor-widget-heading\" data-id=\"293da4a2\" data-element_type=\"widget\" data-e-type=\"widget\" data-widget_type=\"heading.default\">\n\t\t\t\t<div class=\"elementor-widget-container\">\n\t\t\t\t\t<h1 class=\"elementor-heading-title elementor-size-medium\"><a href=\"https:\/\/fruitport.pt\/produtos\/\">PRODUTOS<\/a><\/h1>\t\t\t\t<\/div>\n\t\t\t\t<\/div>\n\t\t\t\t<div class=\"elementor-element elementor-element-46b94bd premium-type-column elementor-widget elementor-widget-premium-icon-list\" data-id=\"46b94bd\" data-element_type=\"widget\" data-e-type=\"widget\" data-settings=\"{&quot;rbadges_repeater&quot;:[]}\" data-widget_type=\"premium-icon-list.default\">\n\t\t\t\t<div class=\"elementor-widget-container\">\n\t\t\t\t\t\t\t\t<ul class=\"premium-bullet-list-box\">\n\t\t\n\t\t\t<li class=\"premium-bullet-list-content elementor-repeater-item-ee7823f\">\n\t\t\t\t<div class=\"premium-bullet-list-text\">\n\t\t\t\t\n\t\t\t\t<span   data-text=\"Anan\u00e1s Baby\"> Anan\u00e1s Baby <\/span>\n\t\t\t\t<\/div>\n\n\t\t\t\t\n\t\t\t\t\n\t\t\t<\/li>\n\n\t\t\t\t\n\t\t\t<li class=\"premium-bullet-list-content elementor-repeater-item-b3f852b\">\n\t\t\t\t<div class=\"premium-bullet-list-text\">\n\t\t\t\t\n\t\t\t\t<span   data-text=\"Carambola\"> Carambola <\/span>\n\t\t\t\t<\/div>\n\n\t\t\t\t\n\t\t\t\t\n\t\t\t<\/li>\n\n\t\t\t\t\n\t\t\t<li class=\"premium-bullet-list-content elementor-repeater-item-c856354\">\n\t\t\t\t<div class=\"premium-bullet-list-text\">\n\t\t\t\t\n\t\t\t\t<span   data-text=\"Feijoa\"> Feijoa <\/span>\n\t\t\t\t<\/div>\n\n\t\t\t\t\n\t\t\t\t\n\t\t\t<\/li>\n\n\t\t\t\t\n\t\t\t<li class=\"premium-bullet-list-content elementor-repeater-item-697adf1\">\n\t\t\t\t<div class=\"premium-bullet-list-text\">\n\t\t\t\t\n\t\t\t\t<span   data-text=\"Figo da \u00cdndia\"> Figo da \u00cdndia <\/span>\n\t\t\t\t<\/div>\n\n\t\t\t\t\n\t\t\t\t\n\t\t\t<\/li>\n\n\t\t\t\t\n\t\t\t<li class=\"premium-bullet-list-content elementor-repeater-item-cf0ba57\">\n\t\t\t\t<div class=\"premium-bullet-list-text\">\n\t\t\t\t\n\t\t\t\t<span   data-text=\"Gengibre\"> Gengibre <\/span>\n\t\t\t\t<\/div>\n\n\t\t\t\t\n\t\t\t\t\n\t\t\t<\/li>\n\n\t\t\t\t\n\t\t\t<li class=\"premium-bullet-list-content elementor-repeater-item-005a07c\">\n\t\t\t\t<div class=\"premium-bullet-list-text\">\n\t\t\t\t\n\t\t\t\t<span   data-text=\"Granadilha\"> Granadilha <\/span>\n\t\t\t\t<\/div>\n\n\t\t\t\t\n\t\t\t\t\n\t\t\t<\/li>\n\n\t\t\t\t\n\t\t\t<li class=\"premium-bullet-list-content elementor-repeater-item-44bd466\">\n\t\t\t\t<div class=\"premium-bullet-list-text\">\n\t\t\t\t\n\t\t\t\t<span   data-text=\"Goiaba\"> Goiaba <\/span>\n\t\t\t\t<\/div>\n\n\t\t\t\t\n\t\t\t\t\n\t\t\t<\/li>\n\n\t\t\t\t\n\t\t\t<li class=\"premium-bullet-list-content elementor-repeater-item-6a41e4d\">\n\t\t\t\t<div class=\"premium-bullet-list-text\">\n\t\t\t\t\n\t\t\t\t<span   data-text=\"Inhame\"> Inhame <\/span>\n\t\t\t\t<\/div>\n\n\t\t\t\t\n\t\t\t\t\n\t\t\t<\/li>\n\n\t\t\t\t\n\t\t\t<li class=\"premium-bullet-list-content elementor-repeater-item-5f7cf29\">\n\t\t\t\t<div class=\"premium-bullet-list-text\">\n\t\t\t\t\n\t\t\t\t<span   data-text=\"Kiwi Gold\"> Kiwi Gold <\/span>\n\t\t\t\t<\/div>\n\n\t\t\t\t\n\t\t\t\t\n\t\t\t<\/li>\n\n\t\t\t\t\n\t\t\t<li class=\"premium-bullet-list-content elementor-repeater-item-795503f\">\n\t\t\t\t<div class=\"premium-bullet-list-text\">\n\t\t\t\t\n\t\t\t\t<span   data-text=\"Kiwi Red\"> Kiwi Red <\/span>\n\t\t\t\t<\/div>\n\n\t\t\t\t\n\t\t\t\t\n\t\t\t<\/li>\n\n\t\t\t\t\n\t\t\t<li class=\"premium-bullet-list-content elementor-repeater-item-e82a844\">\n\t\t\t\t<div class=\"premium-bullet-list-text\">\n\t\t\t\t\n\t\t\t\t<span   data-text=\"Litchi\"> Litchi <\/span>\n\t\t\t\t<\/div>\n\n\t\t\t\t\n\t\t\t\t\n\t\t\t<\/li>\n\n\t\t\t\t\n\t\t\t<li class=\"premium-bullet-list-content elementor-repeater-item-61c385d\">\n\t\t\t\t<div class=\"premium-bullet-list-text\">\n\t\t\t\t\n\t\t\t\t<span   data-text=\"Maracuj\u00e1 Amarelo\"> Maracuj\u00e1 Amarelo <\/span>\n\t\t\t\t<\/div>\n\n\t\t\t\t\n\t\t\t\t\n\t\t\t<\/li>\n\n\t\t\t\t\n\t\t\t<li class=\"premium-bullet-list-content elementor-repeater-item-6d9ecc1\">\n\t\t\t\t<div class=\"premium-bullet-list-text\">\n\t\t\t\t\n\t\t\t\t<span   data-text=\"Physalis\"> Physalis <\/span>\n\t\t\t\t<\/div>\n\n\t\t\t\t\n\t\t\t\t\n\t\t\t<\/li>\n\n\t\t\t\t\n\t\t\t<li class=\"premium-bullet-list-content elementor-repeater-item-0be9800\">\n\t\t\t\t<div class=\"premium-bullet-list-text\">\n\t\t\t\t\n\t\t\t\t<span   data-text=\"Pitaya\"> Pitaya <\/span>\n\t\t\t\t<\/div>\n\n\t\t\t\t\n\t\t\t\t\n\t\t\t<\/li>\n\n\t\t\t\t\n\t\t\t<li class=\"premium-bullet-list-content elementor-repeater-item-5635c5f\">\n\t\t\t\t<div class=\"premium-bullet-list-text\">\n\t\t\t\t\n\t\t\t\t<span   data-text=\"Tamarilho\"> Tamarilho <\/span>\n\t\t\t\t<\/div>\n\n\t\t\t\t\n\t\t\t\t\n\t\t\t<\/li>\n\n\t\t\t\t\n\t\t\t<li class=\"premium-bullet-list-content elementor-repeater-item-8d38b75\">\n\t\t\t\t<div class=\"premium-bullet-list-text\">\n\t\t\t\t\n\t\t\t\t<span   data-text=\"Toranja\"> Toranja <\/span>\n\t\t\t\t<\/div>\n\n\t\t\t\t\n\t\t\t\t\n\t\t\t<\/li>\n\n\t\t\t\t\t\t<\/ul>\n\t\t\t\t\t\t<\/div>\n\t\t\t\t<\/div>\n\t\t\t\t\t<\/div>\n\t\t<\/div>\n\t\t\t\t<div class=\"elementor-column elementor-col-50 elementor-top-column elementor-element elementor-element-2ba3ab4a\" data-id=\"2ba3ab4a\" data-element_type=\"column\" data-e-type=\"column\">\n\t\t\t<div class=\"elementor-widget-wrap elementor-element-populated\">\n\t\t\t\t\t\t<div class=\"elementor-element elementor-element-5df79fc3 elementor-widget elementor-widget-image\" data-id=\"5df79fc3\" data-element_type=\"widget\" data-e-type=\"widget\" data-widget_type=\"image.default\">\n\t\t\t\t<div class=\"elementor-widget-container\">\n\t\t\t\t\t\t\t\t\t\t\t\t\t\t\t<img decoding=\"async\" src=\"https:\/\/fruitport.pt\/wp-content\/uploads\/elementor\/thumbs\/fruitport_exoticos-pi4yf59533dfnbclky7ojjjosjnnapgthxry881faw.jpg\" title=\"fruitport_exoticos\" alt=\"fruitport_exoticos\" loading=\"lazy\" \/>\t\t\t\t\t\t\t\t\t\t\t\t\t\t\t<\/div>\n\t\t\t\t<\/div>\n\t\t\t\t<div class=\"elementor-element elementor-element-479ed500 elementor-widget elementor-widget-text-editor\" data-id=\"479ed500\" data-element_type=\"widget\" data-e-type=\"widget\" data-widget_type=\"text-editor.default\">\n\t\t\t\t<div class=\"elementor-widget-container\">\n\t\t\t\t\t\t\t\t\tNa Fruitport, adoramos um bom desafio. \u00c1sia e Am\u00e9rica do Sul, origens de alguns dos frutos mais raros e invulgares que colocamos no mercado. S\u00e3o extremamente perec\u00edveis, de log\u00edstica dif\u00edcil e com janelas de produ\u00e7\u00e3o muito especificas.\n\t\t\t\t\t\t\t\t<\/div>\n\t\t\t\t<\/div>\n\t\t\t\t\t<\/div>\n\t\t<\/div>\n\t\t\t\t\t<\/div>\n\t\t<\/section>\n\t\t\t\t<section data-gradient=\"{&quot;angle&quot;:-45,&quot;colors&quot;:[{&quot;premium_gradient_colors&quot;:&quot;#ef597b&quot;,&quot;_id&quot;:&quot;92c36fb&quot;},{&quot;premium_gradient_colors&quot;:&quot;#ff6d31&quot;,&quot;_id&quot;:&quot;fef4f3b&quot;},{&quot;premium_gradient_colors&quot;:&quot;#73b66b&quot;,&quot;_id&quot;:&quot;b103df3&quot;},{&quot;premium_gradient_colors&quot;:&quot;#ffcb18&quot;,&quot;_id&quot;:&quot;f4dbe43&quot;},{&quot;premium_gradient_colors&quot;:&quot;#29a2c6&quot;,&quot;_id&quot;:&quot;d45a9b6&quot;}]}\" class=\"elementor-section elementor-top-section elementor-element elementor-element-b31ca37 elementor-section-stretched premium-gradient-yes elementor-section-content-middle elementor-section-boxed elementor-section-height-default elementor-section-height-default\" data-id=\"b31ca37\" data-element_type=\"section\" data-e-type=\"section\" data-settings=\"{&quot;stretch_section&quot;:&quot;section-stretched&quot;,&quot;background_background&quot;:&quot;gradient&quot;}\">\n\t\t\t\t\t\t<div class=\"elementor-container elementor-column-gap-default\">\n\t\t\t\t\t<div class=\"elementor-column elementor-col-50 elementor-top-column elementor-element elementor-element-49bb3c76\" data-id=\"49bb3c76\" data-element_type=\"column\" data-e-type=\"column\">\n\t\t\t<div class=\"elementor-widget-wrap elementor-element-populated\">\n\t\t\t\t\t\t<div class=\"elementor-element elementor-element-5bd51553 elementor-widget elementor-widget-heading\" data-id=\"5bd51553\" data-element_type=\"widget\" data-e-type=\"widget\" data-widget_type=\"heading.default\">\n\t\t\t\t<div class=\"elementor-widget-container\">\n\t\t\t\t\t<h2 class=\"elementor-heading-title elementor-size-default\">Interessado nos nossos produtos<\/h2>\t\t\t\t<\/div>\n\t\t\t\t<\/div>\n\t\t\t\t<div class=\"elementor-element elementor-element-41307ba2 elementor-widget elementor-widget-text-editor\" data-id=\"41307ba2\" data-element_type=\"widget\" data-e-type=\"widget\" data-widget_type=\"text-editor.default\">\n\t\t\t\t<div class=\"elementor-widget-container\">\n\t\t\t\t\t\t\t\t\tEntre em contato connosco e entre no mundo Fruitport. A nossa equipa est\u00e1 ao seu disp\u00f4r.\t\t\t\t\t\t\t\t<\/div>\n\t\t\t\t<\/div>\n\t\t\t\t\t<\/div>\n\t\t<\/div>\n\t\t\t\t<div class=\"elementor-column elementor-col-50 elementor-top-column elementor-element elementor-element-7f9bc5f\" data-id=\"7f9bc5f\" data-element_type=\"column\" data-e-type=\"column\">\n\t\t\t<div class=\"elementor-widget-wrap elementor-element-populated\">\n\t\t\t\t\t\t<div class=\"elementor-element elementor-element-49750bed elementor-widget elementor-widget-premium-addon-button\" data-id=\"49750bed\" data-element_type=\"widget\" data-e-type=\"widget\" data-widget_type=\"premium-addon-button.default\">\n\t\t\t\t<div class=\"elementor-widget-container\">\n\t\t\t\t\t\n\n\t\t<a class=\"premium-button premium-button-none premium-btn-lg premium-button-none\" href=\"https:\/\/fruitport.pt\/equipa\">\n\t\t\t<div class=\"premium-button-text-icon-wrapper\">\n\t\t\t\t\n\t\t\t\t\t\t\t\t\t<span >\n\t\t\t\t\t\tFale connosco\t\t\t\t\t<\/span>\n\t\t\t\t\n\t\t\t\t\t\t\t<\/div>\n\n\t\t\t\n\t\t\t\n\t\t\t\n\t\t<\/a>\n\n\n\t\t\t\t\t\t<\/div>\n\t\t\t\t<\/div>\n\t\t\t\t\t<\/div>\n\t\t<\/div>\n\t\t\t\t\t<\/div>\n\t\t<\/section>\n\t\t\t\t<\/div>\n\t\t","protected":false},"excerpt":{"rendered":"<p>PRODUTOS Anan\u00e1s Baby Carambola Feijoa Figo da \u00cdndia Gengibre Granadilha Goiaba Inhame Kiwi Gold Kiwi Red Litchi Maracuj\u00e1 Amarelo Physalis Pitaya Tamarilho Toranja Na Fruitport, adoramos um bom desafio. \u00c1sia e Am\u00e9rica do Sul, origens de alguns dos frutos mais raros e invulgares que colocamos no mercado. S\u00e3o extremamente perec\u00edveis, de log\u00edstica dif\u00edcil e com [&hellip;]<\/p>\n","protected":false},"author":2,"featured_media":0,"parent":8512,"menu_order":0,"comment_status":"closed","ping_status":"closed","template":"elementor_header_footer","meta":{"footnotes":""},"class_list":["post-8651","page","type-page","status-publish","hentry"],"yoast_head":"<!-- This site is optimized with the Yoast SEO plugin v27.5 - https:\/\/yoast.com\/product\/yoast-seo-wordpress\/ -->\n<title>Ex\u00f3ticos - Fruitport<\/title>\n<meta name=\"robots\" content=\"index, follow, max-snippet:-1, max-image-preview:large, max-video-preview:-1\" \/>\n<link rel=\"canonical\" href=\"https:\/\/fruitport.pt\/en\/our-products\/exotic\/\" \/>\n<meta property=\"og:locale\" content=\"en_GB\" \/>\n<meta property=\"og:type\" content=\"article\" \/>\n<meta property=\"og:title\" content=\"Ex\u00f3ticos - Fruitport\" \/>\n<meta property=\"og:description\" content=\"PRODUTOS Anan\u00e1s Baby Carambola Feijoa Figo da \u00cdndia Gengibre Granadilha Goiaba Inhame Kiwi Gold Kiwi Red Litchi Maracuj\u00e1 Amarelo Physalis Pitaya Tamarilho Toranja Na Fruitport, adoramos um bom desafio. \u00c1sia e Am\u00e9rica do Sul, origens de alguns dos frutos mais raros e invulgares que colocamos no mercado. S\u00e3o extremamente perec\u00edveis, de log\u00edstica dif\u00edcil e com [&hellip;]\" \/>\n<meta property=\"og:url\" content=\"https:\/\/fruitport.pt\/en\/our-products\/exotic\/\" \/>\n<meta property=\"og:site_name\" content=\"Fruitport\" \/>\n<meta property=\"article:publisher\" content=\"https:\/\/www.facebook.com\/fruitport\/\" \/>\n<meta property=\"article:modified_time\" content=\"2021-12-27T15:36:28+00:00\" \/>\n<meta property=\"og:image\" content=\"https:\/\/fruitport.pt\/wp-content\/uploads\/elementor\/thumbs\/fruitport_exoticos-pi4yf59533dfnbclky7ojjjosjnnapgthxrxradhj4.jpg\" \/>\n<meta name=\"twitter:card\" content=\"summary_large_image\" \/>\n<script type=\"application\/ld+json\" class=\"yoast-schema-graph\">{\"@context\":\"https:\\\/\\\/schema.org\",\"@graph\":[{\"@type\":\"WebPage\",\"@id\":\"https:\\\/\\\/fruitport.pt\\\/produtos\\\/exoticos\\\/\",\"url\":\"https:\\\/\\\/fruitport.pt\\\/produtos\\\/exoticos\\\/\",\"name\":\"Ex\u00f3ticos - Fruitport\",\"isPartOf\":{\"@id\":\"https:\\\/\\\/fruitport.pt\\\/#website\"},\"primaryImageOfPage\":{\"@id\":\"https:\\\/\\\/fruitport.pt\\\/produtos\\\/exoticos\\\/#primaryimage\"},\"image\":{\"@id\":\"https:\\\/\\\/fruitport.pt\\\/produtos\\\/exoticos\\\/#primaryimage\"},\"thumbnailUrl\":\"https:\\\/\\\/fruitport.pt\\\/wp-content\\\/uploads\\\/elementor\\\/thumbs\\\/fruitport_exoticos-pi4yf59533dfnbclky7ojjjosjnnapgthxrxradhj4.jpg\",\"datePublished\":\"2021-08-19T11:49:19+00:00\",\"dateModified\":\"2021-12-27T15:36:28+00:00\",\"breadcrumb\":{\"@id\":\"https:\\\/\\\/fruitport.pt\\\/produtos\\\/exoticos\\\/#breadcrumb\"},\"inLanguage\":\"en-GB\",\"potentialAction\":[{\"@type\":\"ReadAction\",\"target\":[\"https:\\\/\\\/fruitport.pt\\\/produtos\\\/exoticos\\\/\"]}]},{\"@type\":\"ImageObject\",\"inLanguage\":\"en-GB\",\"@id\":\"https:\\\/\\\/fruitport.pt\\\/produtos\\\/exoticos\\\/#primaryimage\",\"url\":\"https:\\\/\\\/fruitport.pt\\\/wp-content\\\/uploads\\\/elementor\\\/thumbs\\\/fruitport_exoticos-pi4yf59533dfnbclky7ojjjosjnnapgthxrxradhj4.jpg\",\"contentUrl\":\"https:\\\/\\\/fruitport.pt\\\/wp-content\\\/uploads\\\/elementor\\\/thumbs\\\/fruitport_exoticos-pi4yf59533dfnbclky7ojjjosjnnapgthxrxradhj4.jpg\"},{\"@type\":\"BreadcrumbList\",\"@id\":\"https:\\\/\\\/fruitport.pt\\\/produtos\\\/exoticos\\\/#breadcrumb\",\"itemListElement\":[{\"@type\":\"ListItem\",\"position\":1,\"name\":\"In\u00edcio\",\"item\":\"https:\\\/\\\/fruitport.pt\\\/\"},{\"@type\":\"ListItem\",\"position\":2,\"name\":\"Produtos\",\"item\":\"https:\\\/\\\/fruitport.pt\\\/produtos\\\/\"},{\"@type\":\"ListItem\",\"position\":3,\"name\":\"Ex\u00f3ticos\"}]},{\"@type\":\"WebSite\",\"@id\":\"https:\\\/\\\/fruitport.pt\\\/#website\",\"url\":\"https:\\\/\\\/fruitport.pt\\\/\",\"name\":\"Fruitport\",\"description\":\"Frutas frescas e de qualidade para o retalho e mercados grossistas.\",\"publisher\":{\"@id\":\"https:\\\/\\\/fruitport.pt\\\/#organization\"},\"potentialAction\":[{\"@type\":\"SearchAction\",\"target\":{\"@type\":\"EntryPoint\",\"urlTemplate\":\"https:\\\/\\\/fruitport.pt\\\/?s={search_term_string}\"},\"query-input\":{\"@type\":\"PropertyValueSpecification\",\"valueRequired\":true,\"valueName\":\"search_term_string\"}}],\"inLanguage\":\"en-GB\"},{\"@type\":\"Organization\",\"@id\":\"https:\\\/\\\/fruitport.pt\\\/#organization\",\"name\":\"Fruitport International Food Trade\",\"url\":\"https:\\\/\\\/fruitport.pt\\\/\",\"logo\":{\"@type\":\"ImageObject\",\"inLanguage\":\"en-GB\",\"@id\":\"https:\\\/\\\/fruitport.pt\\\/#\\\/schema\\\/logo\\\/image\\\/\",\"url\":\"https:\\\/\\\/fruitport.pt\\\/wp-content\\\/uploads\\\/2021\\\/08\\\/fruitport-color@2x.png\",\"contentUrl\":\"https:\\\/\\\/fruitport.pt\\\/wp-content\\\/uploads\\\/2021\\\/08\\\/fruitport-color@2x.png\",\"width\":400,\"height\":140,\"caption\":\"Fruitport International Food Trade\"},\"image\":{\"@id\":\"https:\\\/\\\/fruitport.pt\\\/#\\\/schema\\\/logo\\\/image\\\/\"},\"sameAs\":[\"https:\\\/\\\/www.facebook.com\\\/fruitport\\\/\",\"https:\\\/\\\/www.instagram.com\\\/fruitport.lda\\\/\",\"https:\\\/\\\/www.linkedin.com\\\/company\\\/fruitport-international-food-trade\\\/\"]}]}<\/script>\n<!-- \/ Yoast SEO plugin. -->","yoast_head_json":{"title":"Ex\u00f3ticos - Fruitport","robots":{"index":"index","follow":"follow","max-snippet":"max-snippet:-1","max-image-preview":"max-image-preview:large","max-video-preview":"max-video-preview:-1"},"canonical":"https:\/\/fruitport.pt\/en\/our-products\/exotic\/","og_locale":"en_GB","og_type":"article","og_title":"Ex\u00f3ticos - Fruitport","og_description":"PRODUTOS Anan\u00e1s Baby Carambola Feijoa Figo da \u00cdndia Gengibre Granadilha Goiaba Inhame Kiwi Gold Kiwi Red Litchi Maracuj\u00e1 Amarelo Physalis Pitaya Tamarilho Toranja Na Fruitport, adoramos um bom desafio. \u00c1sia e Am\u00e9rica do Sul, origens de alguns dos frutos mais raros e invulgares que colocamos no mercado. S\u00e3o extremamente perec\u00edveis, de log\u00edstica dif\u00edcil e com [&hellip;]","og_url":"https:\/\/fruitport.pt\/en\/our-products\/exotic\/","og_site_name":"Fruitport","article_publisher":"https:\/\/www.facebook.com\/fruitport\/","article_modified_time":"2021-12-27T15:36:28+00:00","og_image":[{"url":"https:\/\/fruitport.pt\/wp-content\/uploads\/elementor\/thumbs\/fruitport_exoticos-pi4yf59533dfnbclky7ojjjosjnnapgthxrxradhj4.jpg","type":"","width":"","height":""}],"twitter_card":"summary_large_image","schema":{"@context":"https:\/\/schema.org","@graph":[{"@type":"WebPage","@id":"https:\/\/fruitport.pt\/produtos\/exoticos\/","url":"https:\/\/fruitport.pt\/produtos\/exoticos\/","name":"Ex\u00f3ticos - Fruitport","isPartOf":{"@id":"https:\/\/fruitport.pt\/#website"},"primaryImageOfPage":{"@id":"https:\/\/fruitport.pt\/produtos\/exoticos\/#primaryimage"},"image":{"@id":"https:\/\/fruitport.pt\/produtos\/exoticos\/#primaryimage"},"thumbnailUrl":"https:\/\/fruitport.pt\/wp-content\/uploads\/elementor\/thumbs\/fruitport_exoticos-pi4yf59533dfnbclky7ojjjosjnnapgthxrxradhj4.jpg","datePublished":"2021-08-19T11:49:19+00:00","dateModified":"2021-12-27T15:36:28+00:00","breadcrumb":{"@id":"https:\/\/fruitport.pt\/produtos\/exoticos\/#breadcrumb"},"inLanguage":"en-GB","potentialAction":[{"@type":"ReadAction","target":["https:\/\/fruitport.pt\/produtos\/exoticos\/"]}]},{"@type":"ImageObject","inLanguage":"en-GB","@id":"https:\/\/fruitport.pt\/produtos\/exoticos\/#primaryimage","url":"https:\/\/fruitport.pt\/wp-content\/uploads\/elementor\/thumbs\/fruitport_exoticos-pi4yf59533dfnbclky7ojjjosjnnapgthxrxradhj4.jpg","contentUrl":"https:\/\/fruitport.pt\/wp-content\/uploads\/elementor\/thumbs\/fruitport_exoticos-pi4yf59533dfnbclky7ojjjosjnnapgthxrxradhj4.jpg"},{"@type":"BreadcrumbList","@id":"https:\/\/fruitport.pt\/produtos\/exoticos\/#breadcrumb","itemListElement":[{"@type":"ListItem","position":1,"name":"In\u00edcio","item":"https:\/\/fruitport.pt\/"},{"@type":"ListItem","position":2,"name":"Produtos","item":"https:\/\/fruitport.pt\/produtos\/"},{"@type":"ListItem","position":3,"name":"Ex\u00f3ticos"}]},{"@type":"WebSite","@id":"https:\/\/fruitport.pt\/#website","url":"https:\/\/fruitport.pt\/","name":"Fruitport","description":"Frutas frescas e de qualidade para o retalho e mercados grossistas.","publisher":{"@id":"https:\/\/fruitport.pt\/#organization"},"potentialAction":[{"@type":"SearchAction","target":{"@type":"EntryPoint","urlTemplate":"https:\/\/fruitport.pt\/?s={search_term_string}"},"query-input":{"@type":"PropertyValueSpecification","valueRequired":true,"valueName":"search_term_string"}}],"inLanguage":"en-GB"},{"@type":"Organization","@id":"https:\/\/fruitport.pt\/#organization","name":"Fruitport International Food Trade","url":"https:\/\/fruitport.pt\/","logo":{"@type":"ImageObject","inLanguage":"en-GB","@id":"https:\/\/fruitport.pt\/#\/schema\/logo\/image\/","url":"https:\/\/fruitport.pt\/wp-content\/uploads\/2021\/08\/fruitport-color@2x.png","contentUrl":"https:\/\/fruitport.pt\/wp-content\/uploads\/2021\/08\/fruitport-color@2x.png","width":400,"height":140,"caption":"Fruitport International Food Trade"},"image":{"@id":"https:\/\/fruitport.pt\/#\/schema\/logo\/image\/"},"sameAs":["https:\/\/www.facebook.com\/fruitport\/","https:\/\/www.instagram.com\/fruitport.lda\/","https:\/\/www.linkedin.com\/company\/fruitport-international-food-trade\/"]}]}},"_links":{"self":[{"href":"https:\/\/fruitport.pt\/en\/wp-json\/wp\/v2\/pages\/8651","targetHints":{"allow":["GET"]}}],"collection":[{"href":"https:\/\/fruitport.pt\/en\/wp-json\/wp\/v2\/pages"}],"about":[{"href":"https:\/\/fruitport.pt\/en\/wp-json\/wp\/v2\/types\/page"}],"author":[{"embeddable":true,"href":"https:\/\/fruitport.pt\/en\/wp-json\/wp\/v2\/users\/2"}],"replies":[{"embeddable":true,"href":"https:\/\/fruitport.pt\/en\/wp-json\/wp\/v2\/comments?post=8651"}],"version-history":[{"count":75,"href":"https:\/\/fruitport.pt\/en\/wp-json\/wp\/v2\/pages\/8651\/revisions"}],"predecessor-version":[{"id":9372,"href":"https:\/\/fruitport.pt\/en\/wp-json\/wp\/v2\/pages\/8651\/revisions\/9372"}],"up":[{"embeddable":true,"href":"https:\/\/fruitport.pt\/en\/wp-json\/wp\/v2\/pages\/8512"}],"wp:attachment":[{"href":"https:\/\/fruitport.pt\/en\/wp-json\/wp\/v2\/media?parent=8651"}],"curies":[{"name":"wp","href":"https:\/\/api.w.org\/{rel}","templated":true}]}}