{"id":8512,"date":"2021-08-19T09:39:39","date_gmt":"2021-08-19T09:39:39","guid":{"rendered":"https:\/\/fruitport.pt\/?page_id=8512"},"modified":"2025-06-13T08:58:00","modified_gmt":"2025-06-13T08:58:00","slug":"our-products","status":"publish","type":"page","link":"https:\/\/fruitport.pt\/en\/produtos\/","title":{"rendered":"Products"},"content":{"rendered":"\t\t<div data-elementor-type=\"wp-page\" data-elementor-id=\"8512\" class=\"elementor elementor-8512\" data-elementor-post-type=\"page\">\n\t\t\t\t\t\t<section class=\"elementor-section elementor-top-section elementor-element elementor-element-6cc8d1f elementor-section-full_width elementor-section-height-default elementor-section-height-default\" data-id=\"6cc8d1f\" data-element_type=\"section\" data-e-type=\"section\">\n\t\t\t\t\t\t<div class=\"elementor-container elementor-column-gap-default\">\n\t\t\t\t\t<div class=\"elementor-column elementor-col-66 elementor-top-column elementor-element elementor-element-7f74010\" data-id=\"7f74010\" data-element_type=\"column\" data-e-type=\"column\" data-settings=\"{&quot;background_background&quot;:&quot;classic&quot;}\">\n\t\t\t<div class=\"elementor-widget-wrap elementor-element-populated\">\n\t\t\t\t\t\t<div class=\"elementor-element elementor-element-abcba32 elementor-widget elementor-widget-heading\" data-id=\"abcba32\" data-element_type=\"widget\" data-e-type=\"widget\" data-widget_type=\"heading.default\">\n\t\t\t\t<div class=\"elementor-widget-container\">\n\t\t\t\t\t<h1 class=\"elementor-heading-title elementor-size-large\">Os Nossos Produtos<\/h1>\t\t\t\t<\/div>\n\t\t\t\t<\/div>\n\t\t\t\t<div class=\"elementor-element elementor-element-e3dbbc3 elementor-widget elementor-widget-text-editor\" data-id=\"e3dbbc3\" data-element_type=\"widget\" data-e-type=\"widget\" data-widget_type=\"text-editor.default\">\n\t\t\t\t<div class=\"elementor-widget-container\">\n\t\t\t\t\t\t\t\t\t<p>A FruitPort tem como bem mais valioso a satisfa\u00e7\u00e3o dos seus clientes. \u00c9 por isso que somos t\u00e3o rigorosos na sele\u00e7\u00e3o dos nossos produtos e fornecedores. <\/p><p>Trabalhamos apenas com produtores certificados, os quais auditamos regularmente e com os quais trabalhamos diariamente na melhoria continua da qualidade e das boas pr\u00e1ticas. Inspecionamos os nossos produtos desde a origem at\u00e9 \u00e0s nossas instala\u00e7\u00f5es, atrav\u00e9s de an\u00e1lises laboratoriais regulares e de um controlo de qualidade muito exigente.<\/p><p> As nossas modernas instala\u00e7\u00f5es frigor\u00edficas permitem uma conserva\u00e7\u00e3o ideal de cada produto, garantindo assim a manuten\u00e7\u00e3o da cadeia de frio em todo o processo. Desta forma, asseguramos que somente os melhores produtos chegam aos nossos clientes e, consequentemente, \u00e0 mesa dos consumidores.<\/p>\t\t\t\t\t\t\t\t<\/div>\n\t\t\t\t<\/div>\n\t\t\t\t\t<\/div>\n\t\t<\/div>\n\t\t\t\t<div class=\"elementor-column elementor-col-33 elementor-top-column elementor-element elementor-element-427b30a\" data-id=\"427b30a\" data-element_type=\"column\" data-e-type=\"column\" data-settings=\"{&quot;background_background&quot;:&quot;classic&quot;}\">\n\t\t\t<div class=\"elementor-widget-wrap\">\n\t\t\t\t\t\t\t<\/div>\n\t\t<\/div>\n\t\t\t\t\t<\/div>\n\t\t<\/section>\n\t\t\t\t<section class=\"elementor-section elementor-top-section elementor-element elementor-element-14be490 elementor-section-boxed elementor-section-height-default elementor-section-height-default\" data-id=\"14be490\" data-element_type=\"section\" data-e-type=\"section\">\n\t\t\t\t\t\t<div class=\"elementor-container elementor-column-gap-default\">\n\t\t\t\t\t<div class=\"elementor-column elementor-col-100 elementor-top-column elementor-element elementor-element-9e77e3d\" data-id=\"9e77e3d\" data-element_type=\"column\" data-e-type=\"column\">\n\t\t\t<div class=\"elementor-widget-wrap elementor-element-populated\">\n\t\t\t\t\t\t<div class=\"elementor-element elementor-element-0968d17 elementor-widget elementor-widget-menu-anchor\" data-id=\"0968d17\" data-element_type=\"widget\" data-e-type=\"widget\" data-widget_type=\"menu-anchor.default\">\n\t\t\t\t<div class=\"elementor-widget-container\">\n\t\t\t\t\t\t\t<div class=\"elementor-menu-anchor\" id=\"fruta\"><\/div>\n\t\t\t\t\t\t<\/div>\n\t\t\t\t<\/div>\n\t\t\t\t<div class=\"elementor-element elementor-element-5e8cbd0 elementor-widget elementor-widget-heading\" data-id=\"5e8cbd0\" data-element_type=\"widget\" data-e-type=\"widget\" data-widget_type=\"heading.default\">\n\t\t\t\t<div class=\"elementor-widget-container\">\n\t\t\t\t\t<h1 class=\"elementor-heading-title elementor-size-large\">FRUTA<\/h1>\t\t\t\t<\/div>\n\t\t\t\t<\/div>\n\t\t\t\t\t<\/div>\n\t\t<\/div>\n\t\t\t\t\t<\/div>\n\t\t<\/section>\n\t\t\t\t<section class=\"elementor-section elementor-top-section elementor-element elementor-element-d40ffa4 elementor-section-boxed elementor-section-height-default elementor-section-height-default\" data-id=\"d40ffa4\" data-element_type=\"section\" data-e-type=\"section\">\n\t\t\t\t\t\t<div class=\"elementor-container elementor-column-gap-default\">\n\t\t\t\t\t<div class=\"elementor-column elementor-col-33 elementor-top-column elementor-element elementor-element-69b119f\" data-id=\"69b119f\" data-element_type=\"column\" data-e-type=\"column\">\n\t\t\t<div class=\"elementor-widget-wrap elementor-element-populated\">\n\t\t\t\t\t\t<div class=\"elementor-element elementor-element-23dd01f elementor-position-top elementor-widget elementor-widget-image-box\" data-id=\"23dd01f\" data-element_type=\"widget\" data-e-type=\"widget\" data-widget_type=\"image-box.default\">\n\t\t\t\t<div class=\"elementor-widget-container\">\n\t\t\t\t\t<div class=\"elementor-image-box-wrapper\"><figure class=\"elementor-image-box-img\"><a href=\"https:\/\/fruitport.pt\/produtos\/exoticos\/\" tabindex=\"-1\"><img fetchpriority=\"high\" decoding=\"async\" width=\"640\" height=\"427\" src=\"https:\/\/fruitport.pt\/wp-content\/uploads\/2021\/12\/fruitport_fruta_exoticos.jpg\" class=\"attachment-full size-full wp-image-9365\" alt=\"\" srcset=\"https:\/\/fruitport.pt\/wp-content\/uploads\/2021\/12\/fruitport_fruta_exoticos.jpg 640w, https:\/\/fruitport.pt\/wp-content\/uploads\/2021\/12\/fruitport_fruta_exoticos-300x200.jpg 300w\" sizes=\"(max-width: 640px) 100vw, 640px\" \/><\/a><\/figure><div class=\"elementor-image-box-content\"><h3 class=\"elementor-image-box-title\"><a href=\"https:\/\/fruitport.pt\/produtos\/exoticos\/\">EX\u00d3TICOS<\/a><\/h3><\/div><\/div>\t\t\t\t<\/div>\n\t\t\t\t<\/div>\n\t\t\t\t\t<\/div>\n\t\t<\/div>\n\t\t\t\t<div class=\"elementor-column elementor-col-33 elementor-top-column elementor-element elementor-element-3e19ff0\" data-id=\"3e19ff0\" data-element_type=\"column\" data-e-type=\"column\">\n\t\t\t<div class=\"elementor-widget-wrap elementor-element-populated\">\n\t\t\t\t\t\t<div class=\"elementor-element elementor-element-9f9f6aa elementor-position-top elementor-widget elementor-widget-image-box\" data-id=\"9f9f6aa\" data-element_type=\"widget\" data-e-type=\"widget\" data-widget_type=\"image-box.default\">\n\t\t\t\t<div class=\"elementor-widget-container\">\n\t\t\t\t\t<div class=\"elementor-image-box-wrapper\"><figure class=\"elementor-image-box-img\"><a href=\"https:\/\/fruitport.pt\/produtos\/tropicais\/\" tabindex=\"-1\"><img decoding=\"async\" width=\"640\" height=\"427\" src=\"https:\/\/fruitport.pt\/wp-content\/uploads\/2021\/12\/fruitport_produtos_fruta_tropical.jpg\" class=\"attachment-full size-full wp-image-9384\" alt=\"\" srcset=\"https:\/\/fruitport.pt\/wp-content\/uploads\/2021\/12\/fruitport_produtos_fruta_tropical.jpg 640w, https:\/\/fruitport.pt\/wp-content\/uploads\/2021\/12\/fruitport_produtos_fruta_tropical-300x200.jpg 300w\" sizes=\"(max-width: 640px) 100vw, 640px\" \/><\/a><\/figure><div class=\"elementor-image-box-content\"><h3 class=\"elementor-image-box-title\"><a href=\"https:\/\/fruitport.pt\/produtos\/tropicais\/\">TROPICAIS<\/a><\/h3><\/div><\/div>\t\t\t\t<\/div>\n\t\t\t\t<\/div>\n\t\t\t\t\t<\/div>\n\t\t<\/div>\n\t\t\t\t<div class=\"elementor-column elementor-col-33 elementor-top-column elementor-element elementor-element-c7810f2\" data-id=\"c7810f2\" data-element_type=\"column\" data-e-type=\"column\">\n\t\t\t<div class=\"elementor-widget-wrap elementor-element-populated\">\n\t\t\t\t\t\t<div class=\"elementor-element elementor-element-ebd91d4 elementor-position-top elementor-widget elementor-widget-image-box\" data-id=\"ebd91d4\" data-element_type=\"widget\" data-e-type=\"widget\" data-widget_type=\"image-box.default\">\n\t\t\t\t<div class=\"elementor-widget-container\">\n\t\t\t\t\t<div class=\"elementor-image-box-wrapper\"><figure class=\"elementor-image-box-img\"><a href=\"https:\/\/fruitport.pt\/produtos\/produtos-de-grande-consumo\/\" tabindex=\"-1\"><img decoding=\"async\" width=\"640\" height=\"427\" src=\"https:\/\/fruitport.pt\/wp-content\/uploads\/2021\/12\/fruitport_fruta_produtos_grande_consumo.jpg\" class=\"attachment-full size-full wp-image-9358\" alt=\"\" srcset=\"https:\/\/fruitport.pt\/wp-content\/uploads\/2021\/12\/fruitport_fruta_produtos_grande_consumo.jpg 640w, https:\/\/fruitport.pt\/wp-content\/uploads\/2021\/12\/fruitport_fruta_produtos_grande_consumo-300x200.jpg 300w\" sizes=\"(max-width: 640px) 100vw, 640px\" \/><\/a><\/figure><div class=\"elementor-image-box-content\"><h3 class=\"elementor-image-box-title\"><a href=\"https:\/\/fruitport.pt\/produtos\/produtos-de-grande-consumo\/\">PRODUTOS DE GRANDE CONSUMO<\/a><\/h3><p class=\"elementor-image-box-description\">(da \u00e9poca ou fora de esta\u00e7\u00e3o)<\/p><\/div><\/div>\t\t\t\t<\/div>\n\t\t\t\t<\/div>\n\t\t\t\t\t<\/div>\n\t\t<\/div>\n\t\t\t\t\t<\/div>\n\t\t<\/section>\n\t\t\t\t<section class=\"elementor-section elementor-top-section elementor-element elementor-element-c81f89e elementor-section-boxed elementor-section-height-default elementor-section-height-default\" data-id=\"c81f89e\" data-element_type=\"section\" data-e-type=\"section\">\n\t\t\t\t\t\t<div class=\"elementor-container elementor-column-gap-default\">\n\t\t\t\t\t<div class=\"elementor-column elementor-col-100 elementor-top-column elementor-element elementor-element-9778695\" data-id=\"9778695\" data-element_type=\"column\" data-e-type=\"column\">\n\t\t\t<div class=\"elementor-widget-wrap elementor-element-populated\">\n\t\t\t\t\t\t<div class=\"elementor-element elementor-element-a1fee30 elementor-widget elementor-widget-menu-anchor\" data-id=\"a1fee30\" data-element_type=\"widget\" data-e-type=\"widget\" data-widget_type=\"menu-anchor.default\">\n\t\t\t\t<div class=\"elementor-widget-container\">\n\t\t\t\t\t\t\t<div class=\"elementor-menu-anchor\" id=\"legumes\"><\/div>\n\t\t\t\t\t\t<\/div>\n\t\t\t\t<\/div>\n\t\t\t\t<div class=\"elementor-element elementor-element-2198bb6 elementor-widget elementor-widget-heading\" data-id=\"2198bb6\" data-element_type=\"widget\" data-e-type=\"widget\" data-widget_type=\"heading.default\">\n\t\t\t\t<div class=\"elementor-widget-container\">\n\t\t\t\t\t<h1 class=\"elementor-heading-title elementor-size-large\">LEGUMES<\/h1>\t\t\t\t<\/div>\n\t\t\t\t<\/div>\n\t\t\t\t\t<\/div>\n\t\t<\/div>\n\t\t\t\t\t<\/div>\n\t\t<\/section>\n\t\t\t\t<section class=\"elementor-section elementor-top-section elementor-element elementor-element-5e4aeff elementor-section-boxed elementor-section-height-default elementor-section-height-default\" data-id=\"5e4aeff\" data-element_type=\"section\" data-e-type=\"section\">\n\t\t\t\t\t\t<div class=\"elementor-container elementor-column-gap-default\">\n\t\t\t\t\t<div class=\"elementor-column elementor-col-33 elementor-top-column elementor-element elementor-element-ecc5cb8\" data-id=\"ecc5cb8\" data-element_type=\"column\" data-e-type=\"column\">\n\t\t\t<div class=\"elementor-widget-wrap\">\n\t\t\t\t\t\t\t<\/div>\n\t\t<\/div>\n\t\t\t\t<div class=\"elementor-column elementor-col-33 elementor-top-column elementor-element elementor-element-e52a5fd\" data-id=\"e52a5fd\" data-element_type=\"column\" data-e-type=\"column\">\n\t\t\t<div class=\"elementor-widget-wrap elementor-element-populated\">\n\t\t\t\t\t\t<div class=\"elementor-element elementor-element-8e38c36 elementor-position-top elementor-widget elementor-widget-image-box\" data-id=\"8e38c36\" data-element_type=\"widget\" data-e-type=\"widget\" data-widget_type=\"image-box.default\">\n\t\t\t\t<div class=\"elementor-widget-container\">\n\t\t\t\t\t<div class=\"elementor-image-box-wrapper\"><figure class=\"elementor-image-box-img\"><a href=\"https:\/\/fruitport.pt\/produtos\/produtos-horticolas\/\" tabindex=\"-1\"><img loading=\"lazy\" decoding=\"async\" width=\"640\" height=\"427\" src=\"https:\/\/fruitport.pt\/wp-content\/uploads\/2022\/01\/fruitport_legumes.jpg\" class=\"attachment-full size-full wp-image-9486\" alt=\"\" srcset=\"https:\/\/fruitport.pt\/wp-content\/uploads\/2022\/01\/fruitport_legumes.jpg 640w, https:\/\/fruitport.pt\/wp-content\/uploads\/2022\/01\/fruitport_legumes-300x200.jpg 300w\" sizes=\"(max-width: 640px) 100vw, 640px\" \/><\/a><\/figure><div class=\"elementor-image-box-content\"><h3 class=\"elementor-image-box-title\"><a href=\"https:\/\/fruitport.pt\/produtos\/produtos-horticolas\/\">PRODUTOS HORT\u00cdCOLAS<\/a><\/h3><\/div><\/div>\t\t\t\t<\/div>\n\t\t\t\t<\/div>\n\t\t\t\t\t<\/div>\n\t\t<\/div>\n\t\t\t\t<div class=\"elementor-column elementor-col-33 elementor-top-column elementor-element elementor-element-1abca2b\" data-id=\"1abca2b\" data-element_type=\"column\" data-e-type=\"column\">\n\t\t\t<div class=\"elementor-widget-wrap\">\n\t\t\t\t\t\t\t<\/div>\n\t\t<\/div>\n\t\t\t\t\t<\/div>\n\t\t<\/section>\n\t\t\t\t<section data-gradient=\"{&quot;angle&quot;:-45,&quot;colors&quot;:[{&quot;premium_gradient_colors&quot;:&quot;#ef597b&quot;,&quot;_id&quot;:&quot;92c36fb&quot;},{&quot;premium_gradient_colors&quot;:&quot;#ff6d31&quot;,&quot;_id&quot;:&quot;fef4f3b&quot;},{&quot;premium_gradient_colors&quot;:&quot;#73b66b&quot;,&quot;_id&quot;:&quot;b103df3&quot;},{&quot;premium_gradient_colors&quot;:&quot;#ffcb18&quot;,&quot;_id&quot;:&quot;f4dbe43&quot;},{&quot;premium_gradient_colors&quot;:&quot;#29a2c6&quot;,&quot;_id&quot;:&quot;d45a9b6&quot;}]}\" class=\"elementor-section elementor-top-section elementor-element elementor-element-6876670 elementor-section-stretched premium-gradient-yes elementor-section-content-middle elementor-section-boxed elementor-section-height-default elementor-section-height-default\" data-id=\"6876670\" data-element_type=\"section\" data-e-type=\"section\" data-settings=\"{&quot;stretch_section&quot;:&quot;section-stretched&quot;,&quot;background_background&quot;:&quot;gradient&quot;}\">\n\t\t\t\t\t\t<div class=\"elementor-container elementor-column-gap-default\">\n\t\t\t\t\t<div class=\"elementor-column elementor-col-50 elementor-top-column elementor-element elementor-element-cc3dd75\" data-id=\"cc3dd75\" data-element_type=\"column\" data-e-type=\"column\">\n\t\t\t<div class=\"elementor-widget-wrap elementor-element-populated\">\n\t\t\t\t\t\t<div class=\"elementor-element elementor-element-3808610d elementor-widget elementor-widget-heading\" data-id=\"3808610d\" data-element_type=\"widget\" data-e-type=\"widget\" data-widget_type=\"heading.default\">\n\t\t\t\t<div class=\"elementor-widget-container\">\n\t\t\t\t\t<h2 class=\"elementor-heading-title elementor-size-default\">Interessado nos nossos produtos<\/h2>\t\t\t\t<\/div>\n\t\t\t\t<\/div>\n\t\t\t\t<div class=\"elementor-element elementor-element-2c918a1c elementor-widget elementor-widget-text-editor\" data-id=\"2c918a1c\" data-element_type=\"widget\" data-e-type=\"widget\" data-widget_type=\"text-editor.default\">\n\t\t\t\t<div class=\"elementor-widget-container\">\n\t\t\t\t\t\t\t\t\tEntre em contato connosco e entre no mundo Fruitport. A nossa equipa est\u00e1 ao seu disp\u00f4r.\t\t\t\t\t\t\t\t<\/div>\n\t\t\t\t<\/div>\n\t\t\t\t\t<\/div>\n\t\t<\/div>\n\t\t\t\t<div class=\"elementor-column elementor-col-50 elementor-top-column elementor-element elementor-element-110b05a6\" data-id=\"110b05a6\" data-element_type=\"column\" data-e-type=\"column\">\n\t\t\t<div class=\"elementor-widget-wrap elementor-element-populated\">\n\t\t\t\t\t\t<div class=\"elementor-element elementor-element-5acb5bff elementor-widget elementor-widget-premium-addon-button\" data-id=\"5acb5bff\" data-element_type=\"widget\" data-e-type=\"widget\" data-widget_type=\"premium-addon-button.default\">\n\t\t\t\t<div class=\"elementor-widget-container\">\n\t\t\t\t\t\n\n\t\t<a class=\"premium-button premium-button-none premium-btn-lg premium-button-none\" href=\"https:\/\/fruitport.pt\/equipa\">\n\t\t\t<div class=\"premium-button-text-icon-wrapper\">\n\t\t\t\t\n\t\t\t\t\t\t\t\t\t<span >\n\t\t\t\t\t\tFale connosco\t\t\t\t\t<\/span>\n\t\t\t\t\n\t\t\t\t\t\t\t<\/div>\n\n\t\t\t\n\t\t\t\n\t\t\t\n\t\t<\/a>\n\n\n\t\t\t\t\t\t<\/div>\n\t\t\t\t<\/div>\n\t\t\t\t\t<\/div>\n\t\t<\/div>\n\t\t\t\t\t<\/div>\n\t\t<\/section>\n\t\t\t\t<\/div>\n\t\t","protected":false},"excerpt":{"rendered":"<p>Os Nossos Produtos A FruitPort tem como bem mais valioso a satisfa\u00e7\u00e3o dos seus clientes. \u00c9 por isso que somos t\u00e3o rigorosos na sele\u00e7\u00e3o dos nossos produtos e fornecedores. Trabalhamos apenas com produtores certificados, os quais auditamos regularmente e com os quais trabalhamos diariamente na melhoria continua da qualidade e das boas pr\u00e1ticas. Inspecionamos os [&hellip;]<\/p>\n","protected":false},"author":2,"featured_media":0,"parent":0,"menu_order":0,"comment_status":"closed","ping_status":"closed","template":"elementor_header_footer","meta":{"footnotes":""},"class_list":["post-8512","page","type-page","status-publish","hentry"],"yoast_head":"<!-- This site is optimized with the Yoast SEO plugin v27.5 - https:\/\/yoast.com\/product\/yoast-seo-wordpress\/ -->\n<title>Produtos - Fruitport<\/title>\n<meta name=\"robots\" content=\"index, follow, max-snippet:-1, max-image-preview:large, max-video-preview:-1\" \/>\n<link rel=\"canonical\" href=\"https:\/\/fruitport.pt\/en\/our-products\/\" \/>\n<meta property=\"og:locale\" content=\"en_GB\" \/>\n<meta property=\"og:type\" content=\"article\" \/>\n<meta property=\"og:title\" content=\"Produtos - Fruitport\" \/>\n<meta property=\"og:description\" content=\"Os Nossos Produtos A FruitPort tem como bem mais valioso a satisfa\u00e7\u00e3o dos seus clientes. \u00c9 por isso que somos t\u00e3o rigorosos na sele\u00e7\u00e3o dos nossos produtos e fornecedores. Trabalhamos apenas com produtores certificados, os quais auditamos regularmente e com os quais trabalhamos diariamente na melhoria continua da qualidade e das boas pr\u00e1ticas. Inspecionamos os [&hellip;]\" \/>\n<meta property=\"og:url\" content=\"https:\/\/fruitport.pt\/en\/our-products\/\" \/>\n<meta property=\"og:site_name\" content=\"Fruitport\" \/>\n<meta property=\"article:publisher\" content=\"https:\/\/www.facebook.com\/fruitport\/\" \/>\n<meta property=\"article:modified_time\" content=\"2025-06-13T08:58:00+00:00\" \/>\n<meta property=\"og:image\" content=\"https:\/\/fruitport.pt\/wp-content\/uploads\/2021\/12\/fruitport_fruta_exoticos.jpg\" \/>\n\t<meta property=\"og:image:width\" content=\"640\" \/>\n\t<meta property=\"og:image:height\" content=\"427\" \/>\n\t<meta property=\"og:image:type\" content=\"image\/jpeg\" \/>\n<meta name=\"twitter:card\" content=\"summary_large_image\" \/>\n<meta name=\"twitter:label1\" content=\"Estimated reading time\" \/>\n\t<meta name=\"twitter:data1\" content=\"2 minutes\" \/>\n<script type=\"application\/ld+json\" class=\"yoast-schema-graph\">{\"@context\":\"https:\\\/\\\/schema.org\",\"@graph\":[{\"@type\":\"WebPage\",\"@id\":\"https:\\\/\\\/fruitport.pt\\\/produtos\\\/\",\"url\":\"https:\\\/\\\/fruitport.pt\\\/produtos\\\/\",\"name\":\"Produtos - Fruitport\",\"isPartOf\":{\"@id\":\"https:\\\/\\\/fruitport.pt\\\/#website\"},\"primaryImageOfPage\":{\"@id\":\"https:\\\/\\\/fruitport.pt\\\/produtos\\\/#primaryimage\"},\"image\":{\"@id\":\"https:\\\/\\\/fruitport.pt\\\/produtos\\\/#primaryimage\"},\"thumbnailUrl\":\"https:\\\/\\\/fruitport.pt\\\/wp-content\\\/uploads\\\/2021\\\/12\\\/fruitport_fruta_exoticos.jpg\",\"datePublished\":\"2021-08-19T09:39:39+00:00\",\"dateModified\":\"2025-06-13T08:58:00+00:00\",\"breadcrumb\":{\"@id\":\"https:\\\/\\\/fruitport.pt\\\/produtos\\\/#breadcrumb\"},\"inLanguage\":\"en-GB\",\"potentialAction\":[{\"@type\":\"ReadAction\",\"target\":[\"https:\\\/\\\/fruitport.pt\\\/produtos\\\/\"]}]},{\"@type\":\"ImageObject\",\"inLanguage\":\"en-GB\",\"@id\":\"https:\\\/\\\/fruitport.pt\\\/produtos\\\/#primaryimage\",\"url\":\"https:\\\/\\\/fruitport.pt\\\/wp-content\\\/uploads\\\/2021\\\/12\\\/fruitport_fruta_exoticos.jpg\",\"contentUrl\":\"https:\\\/\\\/fruitport.pt\\\/wp-content\\\/uploads\\\/2021\\\/12\\\/fruitport_fruta_exoticos.jpg\"},{\"@type\":\"BreadcrumbList\",\"@id\":\"https:\\\/\\\/fruitport.pt\\\/produtos\\\/#breadcrumb\",\"itemListElement\":[{\"@type\":\"ListItem\",\"position\":1,\"name\":\"In\u00edcio\",\"item\":\"https:\\\/\\\/fruitport.pt\\\/\"},{\"@type\":\"ListItem\",\"position\":2,\"name\":\"Produtos\"}]},{\"@type\":\"WebSite\",\"@id\":\"https:\\\/\\\/fruitport.pt\\\/#website\",\"url\":\"https:\\\/\\\/fruitport.pt\\\/\",\"name\":\"Fruitport\",\"description\":\"Frutas frescas e de qualidade para o retalho e mercados grossistas.\",\"publisher\":{\"@id\":\"https:\\\/\\\/fruitport.pt\\\/#organization\"},\"potentialAction\":[{\"@type\":\"SearchAction\",\"target\":{\"@type\":\"EntryPoint\",\"urlTemplate\":\"https:\\\/\\\/fruitport.pt\\\/?s={search_term_string}\"},\"query-input\":{\"@type\":\"PropertyValueSpecification\",\"valueRequired\":true,\"valueName\":\"search_term_string\"}}],\"inLanguage\":\"en-GB\"},{\"@type\":\"Organization\",\"@id\":\"https:\\\/\\\/fruitport.pt\\\/#organization\",\"name\":\"Fruitport International Food Trade\",\"url\":\"https:\\\/\\\/fruitport.pt\\\/\",\"logo\":{\"@type\":\"ImageObject\",\"inLanguage\":\"en-GB\",\"@id\":\"https:\\\/\\\/fruitport.pt\\\/#\\\/schema\\\/logo\\\/image\\\/\",\"url\":\"https:\\\/\\\/fruitport.pt\\\/wp-content\\\/uploads\\\/2021\\\/08\\\/fruitport-color@2x.png\",\"contentUrl\":\"https:\\\/\\\/fruitport.pt\\\/wp-content\\\/uploads\\\/2021\\\/08\\\/fruitport-color@2x.png\",\"width\":400,\"height\":140,\"caption\":\"Fruitport International Food Trade\"},\"image\":{\"@id\":\"https:\\\/\\\/fruitport.pt\\\/#\\\/schema\\\/logo\\\/image\\\/\"},\"sameAs\":[\"https:\\\/\\\/www.facebook.com\\\/fruitport\\\/\",\"https:\\\/\\\/www.instagram.com\\\/fruitport.lda\\\/\",\"https:\\\/\\\/www.linkedin.com\\\/company\\\/fruitport-international-food-trade\\\/\"]}]}<\/script>\n<!-- \/ Yoast SEO plugin. -->","yoast_head_json":{"title":"Produtos - Fruitport","robots":{"index":"index","follow":"follow","max-snippet":"max-snippet:-1","max-image-preview":"max-image-preview:large","max-video-preview":"max-video-preview:-1"},"canonical":"https:\/\/fruitport.pt\/en\/our-products\/","og_locale":"en_GB","og_type":"article","og_title":"Produtos - Fruitport","og_description":"Os Nossos Produtos A FruitPort tem como bem mais valioso a satisfa\u00e7\u00e3o dos seus clientes. \u00c9 por isso que somos t\u00e3o rigorosos na sele\u00e7\u00e3o dos nossos produtos e fornecedores. Trabalhamos apenas com produtores certificados, os quais auditamos regularmente e com os quais trabalhamos diariamente na melhoria continua da qualidade e das boas pr\u00e1ticas. Inspecionamos os [&hellip;]","og_url":"https:\/\/fruitport.pt\/en\/our-products\/","og_site_name":"Fruitport","article_publisher":"https:\/\/www.facebook.com\/fruitport\/","article_modified_time":"2025-06-13T08:58:00+00:00","og_image":[{"width":640,"height":427,"url":"https:\/\/fruitport.pt\/wp-content\/uploads\/2021\/12\/fruitport_fruta_exoticos.jpg","type":"image\/jpeg"}],"twitter_card":"summary_large_image","twitter_misc":{"Estimated reading time":"2 minutes"},"schema":{"@context":"https:\/\/schema.org","@graph":[{"@type":"WebPage","@id":"https:\/\/fruitport.pt\/produtos\/","url":"https:\/\/fruitport.pt\/produtos\/","name":"Produtos - Fruitport","isPartOf":{"@id":"https:\/\/fruitport.pt\/#website"},"primaryImageOfPage":{"@id":"https:\/\/fruitport.pt\/produtos\/#primaryimage"},"image":{"@id":"https:\/\/fruitport.pt\/produtos\/#primaryimage"},"thumbnailUrl":"https:\/\/fruitport.pt\/wp-content\/uploads\/2021\/12\/fruitport_fruta_exoticos.jpg","datePublished":"2021-08-19T09:39:39+00:00","dateModified":"2025-06-13T08:58:00+00:00","breadcrumb":{"@id":"https:\/\/fruitport.pt\/produtos\/#breadcrumb"},"inLanguage":"en-GB","potentialAction":[{"@type":"ReadAction","target":["https:\/\/fruitport.pt\/produtos\/"]}]},{"@type":"ImageObject","inLanguage":"en-GB","@id":"https:\/\/fruitport.pt\/produtos\/#primaryimage","url":"https:\/\/fruitport.pt\/wp-content\/uploads\/2021\/12\/fruitport_fruta_exoticos.jpg","contentUrl":"https:\/\/fruitport.pt\/wp-content\/uploads\/2021\/12\/fruitport_fruta_exoticos.jpg"},{"@type":"BreadcrumbList","@id":"https:\/\/fruitport.pt\/produtos\/#breadcrumb","itemListElement":[{"@type":"ListItem","position":1,"name":"In\u00edcio","item":"https:\/\/fruitport.pt\/"},{"@type":"ListItem","position":2,"name":"Produtos"}]},{"@type":"WebSite","@id":"https:\/\/fruitport.pt\/#website","url":"https:\/\/fruitport.pt\/","name":"Fruitport","description":"Frutas frescas e de qualidade para o retalho e mercados grossistas.","publisher":{"@id":"https:\/\/fruitport.pt\/#organization"},"potentialAction":[{"@type":"SearchAction","target":{"@type":"EntryPoint","urlTemplate":"https:\/\/fruitport.pt\/?s={search_term_string}"},"query-input":{"@type":"PropertyValueSpecification","valueRequired":true,"valueName":"search_term_string"}}],"inLanguage":"en-GB"},{"@type":"Organization","@id":"https:\/\/fruitport.pt\/#organization","name":"Fruitport International Food Trade","url":"https:\/\/fruitport.pt\/","logo":{"@type":"ImageObject","inLanguage":"en-GB","@id":"https:\/\/fruitport.pt\/#\/schema\/logo\/image\/","url":"https:\/\/fruitport.pt\/wp-content\/uploads\/2021\/08\/fruitport-color@2x.png","contentUrl":"https:\/\/fruitport.pt\/wp-content\/uploads\/2021\/08\/fruitport-color@2x.png","width":400,"height":140,"caption":"Fruitport International Food Trade"},"image":{"@id":"https:\/\/fruitport.pt\/#\/schema\/logo\/image\/"},"sameAs":["https:\/\/www.facebook.com\/fruitport\/","https:\/\/www.instagram.com\/fruitport.lda\/","https:\/\/www.linkedin.com\/company\/fruitport-international-food-trade\/"]}]}},"_links":{"self":[{"href":"https:\/\/fruitport.pt\/en\/wp-json\/wp\/v2\/pages\/8512","targetHints":{"allow":["GET"]}}],"collection":[{"href":"https:\/\/fruitport.pt\/en\/wp-json\/wp\/v2\/pages"}],"about":[{"href":"https:\/\/fruitport.pt\/en\/wp-json\/wp\/v2\/types\/page"}],"author":[{"embeddable":true,"href":"https:\/\/fruitport.pt\/en\/wp-json\/wp\/v2\/users\/2"}],"replies":[{"embeddable":true,"href":"https:\/\/fruitport.pt\/en\/wp-json\/wp\/v2\/comments?post=8512"}],"version-history":[{"count":216,"href":"https:\/\/fruitport.pt\/en\/wp-json\/wp\/v2\/pages\/8512\/revisions"}],"predecessor-version":[{"id":9746,"href":"https:\/\/fruitport.pt\/en\/wp-json\/wp\/v2\/pages\/8512\/revisions\/9746"}],"wp:attachment":[{"href":"https:\/\/fruitport.pt\/en\/wp-json\/wp\/v2\/media?parent=8512"}],"curies":[{"name":"wp","href":"https:\/\/api.w.org\/{rel}","templated":true}]}}